{"id":7991,"date":"2024-12-20T11:52:36","date_gmt":"2024-12-20T10:52:36","guid":{"rendered":"https:\/\/www.brunnalm-hoheveitsch.at\/winter\/?page_id=7991"},"modified":"2026-01-21T14:32:37","modified_gmt":"2026-01-21T13:32:37","slug":"tourengeher-preise-info","status":"publish","type":"page","link":"https:\/\/www.brunnalm-hoheveitsch.at\/winter\/tourengeher-preise-info\/","title":{"rendered":"Tourengeher Preise &amp;  Info"},"content":{"rendered":"\t\t<div data-elementor-type=\"wp-page\" data-elementor-id=\"7991\" class=\"elementor elementor-7991\" data-elementor-post-type=\"page\">\n\t\t\t\t\t\t<section class=\"elementor-section elementor-top-section elementor-element elementor-element-1a93648 elementor-section-boxed elementor-section-height-default elementor-section-height-default\" data-id=\"1a93648\" data-element_type=\"section\">\n\t\t\t\t\t\t<div class=\"elementor-container elementor-column-gap-default\">\n\t\t\t\t\t<div class=\"elementor-column elementor-col-100 elementor-top-column elementor-element elementor-element-5193519\" data-id=\"5193519\" data-element_type=\"column\">\n\t\t\t<div class=\"elementor-widget-wrap elementor-element-populated\">\n\t\t\t\t\t\t<div class=\"elementor-element elementor-element-f67c439 elementor-widget elementor-widget-heading\" data-id=\"f67c439\" data-element_type=\"widget\" data-widget_type=\"heading.default\">\n\t\t\t\t<div class=\"elementor-widget-container\">\n\t\t\t\t\t<h2 class=\"elementor-heading-title elementor-size-default\">Tourengeher-Infrastrukturbeitrag<\/h2>\t\t\t\t<\/div>\n\t\t\t\t<\/div>\n\t\t\t\t\t<\/div>\n\t\t<\/div>\n\t\t\t\t\t<\/div>\n\t\t<\/section>\n\t\t\t\t<section class=\"elementor-section elementor-top-section elementor-element elementor-element-b656101 elementor-section-boxed elementor-section-height-default elementor-section-height-default\" data-id=\"b656101\" data-element_type=\"section\">\n\t\t\t\t\t\t<div class=\"elementor-container elementor-column-gap-default\">\n\t\t\t\t\t<div class=\"elementor-column elementor-col-100 elementor-top-column elementor-element elementor-element-78d1803\" data-id=\"78d1803\" data-element_type=\"column\">\n\t\t\t<div class=\"elementor-widget-wrap elementor-element-populated\">\n\t\t\t\t\t\t<div class=\"elementor-element elementor-element-a04cb39 elementor-widget elementor-widget-text-editor\" data-id=\"a04cb39\" data-element_type=\"widget\" data-widget_type=\"text-editor.default\">\n\t\t\t\t<div class=\"elementor-widget-container\">\n\t\t\t\t\t\t\t\t\t<p>Liebe Tourengeher, herzlich willkommen auf der Brunnalm!<br \/>Damit alle G\u00e4ste \u2013 ob auf Skiern oder zu Fu\u00df \u2013 die Natur und die Infrastruktur gleicherma\u00dfen genie\u00dfen k\u00f6nnen, gibt es folgendes freibleibendes Angebot:<\/p>\t\t\t\t\t\t\t\t<\/div>\n\t\t\t\t<\/div>\n\t\t\t\t<div class=\"elementor-element elementor-element-7e5621c elementor-widget elementor-widget-text-editor\" data-id=\"7e5621c\" data-element_type=\"widget\" data-widget_type=\"text-editor.default\">\n\t\t\t\t<div class=\"elementor-widget-container\">\n\t\t\t\t\t\t\t\t\t<table id=\"MainTable\"><thead><tr><th scope=\"col\">Ticketart<\/th><th scope=\"col\">Erwachsene<\/th><\/tr><\/thead><tbody><tr><td data-label=\"Ticketart\">Tourengeher Tageskarte<\/td><td data-label=\"Standard\">\u20ac 10,00<\/td><\/tr><tr><td data-label=\"Ticketart\">Tourengeher Saisonkarte<\/td><td data-label=\"Standard\">\u20ac 70,00<\/td><\/tr><tr><td data-label=\"Ticketart\">Tourengeher 100-Punkte Karte*<\/td><td data-label=\"Standard\">\u20ac 41,00<\/td><\/tr><\/tbody><\/table><p><strong>*Tourengeher 100-Punkte Karte: <\/strong>nur\u00a0an der Kassa und am Ticketautomat erh\u00e4ltlich. Mit dieser Karte k\u00f6nnen sie den Sessellift <strong>5 mal<\/strong> nutzen. Diese Karte ist <b>personenbezogen <\/b>und g\u00fcltig bis zum Saisonende.<br \/>Punkteabzug: Muldenlift(8), Brunnalm Lift(12), Sonnkogellift(12) 4er Panorama Sessellift(17), Mugl Zauberteppich (5).<\/p>\t\t\t\t\t\t\t\t<\/div>\n\t\t\t\t<\/div>\n\t\t\t\t<div class=\"elementor-element elementor-element-1f0768f elementor-widget elementor-widget-text-editor\" data-id=\"1f0768f\" data-element_type=\"widget\" data-widget_type=\"text-editor.default\">\n\t\t\t\t<div class=\"elementor-widget-container\">\n\t\t\t\t\t\t\t\t\t<p>Die <strong>Tourengeher Tageskarte<\/strong> sowie die <strong>Saisonkarte<\/strong> sind ganz bequem auch \u00fcber unseren \u00a0<a href=\"https:\/\/shop.brunnalm-hoheveitsch.at\/de\" target=\"_blank\" rel=\"noopener\"><strong>Online-Shop<\/strong><\/a> erh\u00e4ltlich.<br \/>So k\u00f6nnen Sie Ihr Ticket bereits vorab kaufen und ihre Tour noch entspannter starten.<\/p>\t\t\t\t\t\t\t\t<\/div>\n\t\t\t\t<\/div>\n\t\t\t\t<div class=\"elementor-element elementor-element-dbb9776 eael-infobox-icon-bg-shape-none eael-infobox-icon-hover-bg-shape-none elementor-widget elementor-widget-eael-info-box\" data-id=\"dbb9776\" data-element_type=\"widget\" data-widget_type=\"eael-info-box.default\">\n\t\t\t\t<div class=\"elementor-widget-container\">\n\t\t\t\t\t        <div class=\"eael-infobox icon-on-left\">\n\t            <div class=\"infobox-icon eael-icon-only\">\n\n            \n                            <div class=\"infobox-icon-wrap\">\n                    <i aria-hidden=\"true\" class=\"far fa-id-card\"><\/i>                <\/div>\n            \n            \n        <\/div>\n            <div class=\"infobox-content eael-icon-only\">\n            <h2 class=\"title\">Keycard Info<\/h2><div><p>Beim Kauf der <strong>Tourengeher Karten<\/strong> an der <strong>Kassa<\/strong> oder am <strong>Ticketautomaten<\/strong> wird eine KeyCard ausgegeben.<br \/><strong>Tourengeher Karten <\/strong>die im <strong>Online Shop<\/strong> gekauft werden, werden via <strong>eMail<\/strong> versendet. Hier wird <strong>keine<\/strong> KeyCard ben\u00f6tigt und es erfolgt <strong>kein<\/strong> KeyCard reload.<br \/>Alle Preise ohne KeyCard-Pfand. KeyCard-Einsatz \u20ac 3,00. R\u00fcckgabe bei der Liftkassa oder am Ticketautomat.<\/p><\/div>        <\/div>\n            <\/div>\n\n\t\t\t\t\t\t<\/div>\n\t\t\t\t<\/div>\n\t\t\t\t<div class=\"elementor-element elementor-element-7f384aa eael-infobox-icon-bg-shape-none eael-infobox-icon-hover-bg-shape-none elementor-widget elementor-widget-eael-info-box\" data-id=\"7f384aa\" data-element_type=\"widget\" data-widget_type=\"eael-info-box.default\">\n\t\t\t\t<div class=\"elementor-widget-container\">\n\t\t\t\t\t        <div class=\"eael-infobox icon-on-left\">\n\t            <div class=\"infobox-icon eael-icon-only\">\n\n            \n                            <div class=\"infobox-icon-wrap\">\n                    <i aria-hidden=\"true\" class=\"fas fa-hand-paper\"><\/i>                <\/div>\n            \n            \n        <\/div>\n            <div class=\"infobox-content eael-icon-only\">\n            <h2 class=\"title\">Panoramaweg<\/h2><div><p>Bitte beachten Sie, dass f\u00fcr den Panoramaweg w\u00e4hrend der gesamten Wintersaison <strong>Lawinengefahr<\/strong> herrscht. Der Panoramaweg ist daher nicht zu ben\u00fctzen. Nur die ausgewiesenen Routen sind erlaubt.<\/p><\/div>        <\/div>\n            <\/div>\n\n\t\t\t\t\t\t<\/div>\n\t\t\t\t<\/div>\n\t\t\t\t<div class=\"elementor-element elementor-element-66bde3e eael-infobox-icon-bg-shape-none eael-infobox-icon-hover-bg-shape-none elementor-widget elementor-widget-eael-info-box\" data-id=\"66bde3e\" data-element_type=\"widget\" data-widget_type=\"eael-info-box.default\">\n\t\t\t\t<div class=\"elementor-widget-container\">\n\t\t\t\t\t        <div class=\"eael-infobox icon-on-left\">\n\t            <div class=\"infobox-icon eael-icon-only\">\n\n            \n                            <div class=\"infobox-icon-wrap\">\n                    <i aria-hidden=\"true\" class=\"fas fa-car\"><\/i>                <\/div>\n            \n            \n        <\/div>\n            <div class=\"infobox-content eael-icon-only\">\n            <h2 class=\"title\">Parken auf der Brunnalm<\/h2><div><p>Auf der Brunnalm fallen <strong>keine zus\u00e4tzlichen<\/strong> Parkgeb\u00fchren an \u2013 die Parkgeb\u00fchren sind bereits im freiwilligen Infrastrukturbeitrag inkludiert.<\/p><\/div>        <\/div>\n            <\/div>\n\n\t\t\t\t\t\t<\/div>\n\t\t\t\t<\/div>\n\t\t\t\t<div class=\"elementor-element elementor-element-9a995d4 eael-infobox-icon-bg-shape-none eael-infobox-icon-hover-bg-shape-none elementor-widget elementor-widget-eael-info-box\" data-id=\"9a995d4\" data-element_type=\"widget\" data-widget_type=\"eael-info-box.default\">\n\t\t\t\t<div class=\"elementor-widget-container\">\n\t\t\t\t\t        <div class=\"eael-infobox icon-on-left\">\n\t            <div class=\"infobox-icon eael-icon-only\">\n\n            \n                            <div class=\"infobox-icon-wrap\">\n                    <i aria-hidden=\"true\" class=\"fas fa-info-circle\"><\/i>                <\/div>\n            \n            \n        <\/div>\n            <div class=\"infobox-content eael-icon-only\">\n            <h2 class=\"title\">Allgemeine Karten\/Ticket Informationen<\/h2><div><p>Mit Ihrem Tourengeher-Infrastrukturbeitrag unterst\u00fctzen Sie freiwillig:<\/p><ul><li>die Nutzung der Parkpl\u00e4tze<\/li><li>die Pflege und Wartung der Infrastruktur<\/li><li>die Pr\u00e4parierung der Pisten, die Sie als Aufstiegsspur und Abfahrt nutzen<\/li><\/ul><p>Das Angebot gilt unabh\u00e4ngig davon, auf welchem Parkplatz geparkt wird. Die Parkpl\u00e4tze geh\u00f6ren zur Infrastruktur des Gebiets, die allen G\u00e4sten zur Verf\u00fcgung gestellt wird.<\/p><ul><li>Das Ticket ist personengebunden und nicht \u00fcbertragbar.<\/li><li>Kein Ersatz und R\u00fcckverg\u00fctung f\u00fcr vergessene oder verlorene Tickets.<\/li><li>Reduziertes Angebot erhebt keinen Anspruch auf Reduktion des jeweiligen Ticket Tarifs.<\/li><li>Witterungs- und schneebedingt ist Anfang und Ende der Saison mit einem eingeschr\u00e4nkten Anlagen- und Streckenangebot zu rechnen.<\/li><li>Keine R\u00fcckverg\u00fctung bei vor\u00fcbergehender Betriebsunterbrechung, witterungsbedingten Unterbrechungen einzelner Anlagen, Sperrung einzelner Strecken, \u00dcberf\u00fcllung von Strecken und Anlagen.<\/li><li>Rabattaktionen sind nicht kombinierbar.<\/li><li>Es gelten die Allgemeinen Bef\u00f6rderungsbedingungen und das Kartenr\u00fcckgaberecht &#8211; siehe Tarifbestimmungen.<\/li><\/ul><\/div>        <\/div>\n            <\/div>\n\n\t\t\t\t\t\t<\/div>\n\t\t\t\t<\/div>\n\t\t\t\t<div class=\"elementor-element elementor-element-0316b65 elementor-widget elementor-widget-text-editor\" data-id=\"0316b65\" data-element_type=\"widget\" data-widget_type=\"text-editor.default\">\n\t\t\t\t<div class=\"elementor-widget-container\">\n\t\t\t\t\t\t\t\t\t<p>\u00c4nderungen, Tippfehler und Irrt\u00fcmer vorbehalten!<\/p>\t\t\t\t\t\t\t\t<\/div>\n\t\t\t\t<\/div>\n\t\t\t\t\t<\/div>\n\t\t<\/div>\n\t\t\t\t\t<\/div>\n\t\t<\/section>\n\t\t\t\t<\/div>\n\t\t","protected":false},"excerpt":{"rendered":"<p>Tourengeher-Infrastrukturbeitrag Liebe Tourengeher, herzlich willkommen auf der Brunnalm!Damit alle G\u00e4ste \u2013 ob auf Skiern oder zu Fu\u00df \u2013 die Natur und die Infrastruktur gleicherma\u00dfen genie\u00dfen k\u00f6nnen, gibt es folgendes freibleibendes Angebot: Ticketart Erwachsene Tourengeher Tageskarte \u20ac 10,00 Tourengeher Saisonkarte \u20ac 70,00 Tourengeher 100-Punkte Karte* \u20ac 41,00 *Tourengeher 100-Punkte Karte: nur\u00a0an der Kassa und am Ticketautomat<br \/><a class=\"moretag\" href=\"https:\/\/www.brunnalm-hoheveitsch.at\/winter\/tourengeher-preise-info\/\">+ Read More<\/a><\/p>\n","protected":false},"author":1,"featured_media":4772,"parent":0,"menu_order":0,"comment_status":"closed","ping_status":"closed","template":"templates\/page-fullwidth_template.php","meta":{"_acf_changed":false,"footnotes":"","_links_to":"","_links_to_target":""},"class_list":["post-7991","page","type-page","status-publish","has-post-thumbnail","hentry"],"acf":[],"publishpress_future_workflow_manual_trigger":{"enabledWorkflows":[]},"_links":{"self":[{"href":"https:\/\/www.brunnalm-hoheveitsch.at\/winter\/wp-json\/wp\/v2\/pages\/7991","targetHints":{"allow":["GET"]}}],"collection":[{"href":"https:\/\/www.brunnalm-hoheveitsch.at\/winter\/wp-json\/wp\/v2\/pages"}],"about":[{"href":"https:\/\/www.brunnalm-hoheveitsch.at\/winter\/wp-json\/wp\/v2\/types\/page"}],"author":[{"embeddable":true,"href":"https:\/\/www.brunnalm-hoheveitsch.at\/winter\/wp-json\/wp\/v2\/users\/1"}],"replies":[{"embeddable":true,"href":"https:\/\/www.brunnalm-hoheveitsch.at\/winter\/wp-json\/wp\/v2\/comments?post=7991"}],"version-history":[{"count":3,"href":"https:\/\/www.brunnalm-hoheveitsch.at\/winter\/wp-json\/wp\/v2\/pages\/7991\/revisions"}],"predecessor-version":[{"id":8381,"href":"https:\/\/www.brunnalm-hoheveitsch.at\/winter\/wp-json\/wp\/v2\/pages\/7991\/revisions\/8381"}],"wp:featuredmedia":[{"embeddable":true,"href":"https:\/\/www.brunnalm-hoheveitsch.at\/winter\/wp-json\/wp\/v2\/media\/4772"}],"wp:attachment":[{"href":"https:\/\/www.brunnalm-hoheveitsch.at\/winter\/wp-json\/wp\/v2\/media?parent=7991"}],"curies":[{"name":"wp","href":"https:\/\/api.w.org\/{rel}","templated":true}]}}