{"id":7567,"date":"2024-10-09T14:03:52","date_gmt":"2024-10-09T12:03:52","guid":{"rendered":"https:\/\/www.brunnalm-hoheveitsch.at\/winter\/?page_id=7567"},"modified":"2024-12-09T11:26:26","modified_gmt":"2024-12-09T10:26:26","slug":"vorverkauf","status":"publish","type":"page","link":"https:\/\/www.brunnalm-hoheveitsch.at\/winter\/vorverkauf\/","title":{"rendered":"Vorverkauf"},"content":{"rendered":"\t\t<div data-elementor-type=\"wp-page\" data-elementor-id=\"7567\" class=\"elementor elementor-7567\" data-elementor-post-type=\"page\">\n\t\t\t\t\t\t<section class=\"elementor-section elementor-top-section elementor-element elementor-element-92d6efb elementor-section-boxed elementor-section-height-default elementor-section-height-default\" data-id=\"92d6efb\" data-element_type=\"section\">\n\t\t\t\t\t\t<div class=\"elementor-container elementor-column-gap-default\">\n\t\t\t\t\t<div class=\"elementor-column elementor-col-100 elementor-top-column elementor-element elementor-element-b3dfa9d\" data-id=\"b3dfa9d\" data-element_type=\"column\">\n\t\t\t<div class=\"elementor-widget-wrap elementor-element-populated\">\n\t\t\t\t\t\t<div class=\"elementor-element elementor-element-183e327 elementor-widget elementor-widget-heading\" data-id=\"183e327\" data-element_type=\"widget\" data-widget_type=\"heading.default\">\n\t\t\t\t<div class=\"elementor-widget-container\">\n\t\t\t\t\t<h2 class=\"elementor-heading-title elementor-size-default\">Saisonkarten Vorverkauf 2024<\/h2>\t\t\t\t<\/div>\n\t\t\t\t<\/div>\n\t\t\t\t\t<\/div>\n\t\t<\/div>\n\t\t\t\t\t<\/div>\n\t\t<\/section>\n\t\t\t\t<section class=\"elementor-section elementor-top-section elementor-element elementor-element-4d6a89c elementor-section-full_width elementor-section-height-default elementor-section-height-default\" data-id=\"4d6a89c\" data-element_type=\"section\">\n\t\t\t\t\t\t<div class=\"elementor-container elementor-column-gap-default\">\n\t\t\t\t\t<div class=\"elementor-column elementor-col-100 elementor-top-column elementor-element elementor-element-7e94cf2\" data-id=\"7e94cf2\" data-element_type=\"column\">\n\t\t\t<div class=\"elementor-widget-wrap elementor-element-populated\">\n\t\t\t\t\t\t<div class=\"elementor-element elementor-element-5ed1adb elementor-widget elementor-widget-text-editor\" data-id=\"5ed1adb\" data-element_type=\"widget\" data-widget_type=\"text-editor.default\">\n\t\t\t\t<div class=\"elementor-widget-container\">\n\t\t\t\t\t\t\t\t\t<p style=\"text-align: center;\">Der Saisonkarten Vorverkauf findet im Zeitraum von <b>11. Dezember 2024 bis 15. Dezember 2024 von 11:00 &#8211; 13:00 Uhr<\/b> statt. <br \/>Komme an diesen Tage bei unserer Skikassa vorbei und sichere dir deine Saisonkarte oder Verbundskikarte zum verg\u00fcnstigten Vorverkaufspreis oder reserviere sie dir ganz einfach in unserem Online Shop!<\/p>\t\t\t\t\t\t\t\t<\/div>\n\t\t\t\t<\/div>\n\t\t\t\t<div class=\"elementor-element elementor-element-bc3d570 eael-infobox-icon-bg-shape-none eael-infobox-icon-hover-bg-shape-none elementor-widget elementor-widget-eael-info-box\" data-id=\"bc3d570\" data-element_type=\"widget\" data-widget_type=\"eael-info-box.default\">\n\t\t\t\t<div class=\"elementor-widget-container\">\n\t\t\t\t\t        <div class=\"eael-infobox icon-on-left\">\n\t            <div class=\"infobox-icon eael-icon-only\">\n\n            \n                            <div class=\"infobox-icon-wrap\">\n                    <i aria-hidden=\"true\" class=\"fas fa-info\"><\/i>                <\/div>\n            \n            \n        <\/div>\n            <div class=\"infobox-content eael-icon-only\">\n            <h2 class=\"title\">Reservier dir deine Saisonkarte oder Verbundskikarte zum Vorverkaufspreis in unserem Online Shop<\/h2><div><p>Nur bis zum <strong>15.12.24<\/strong> im Online-Shop erh\u00e4ltlich \u2013 schnell zugreifen und sparen!<\/p><p><strong>Flexibel und einfach<\/strong><br \/>Lade deine Saisonkarte auf eine bestehende Key Card oder hole sie ab dem 13.12. an den besetzten Liftkassen ab!<\/p><\/div>        <div class=\"infobox-button\">\n            <a class=\"eael-infobox-button\" href=\"https:\/\/shop.brunnalm-hoheveitsch.at\/\" target=\"_blank\">\n                                <span class=\"infobox-button-text\">Online Shop<\/span>\n                            <\/a>\n        <\/div>\n            <\/div>\n            <\/div>\n\n\t\t\t\t\t\t<\/div>\n\t\t\t\t<\/div>\n\t\t\t\t<div class=\"elementor-element elementor-element-37d929c elementor-widget elementor-widget-text-editor\" data-id=\"37d929c\" data-element_type=\"widget\" data-widget_type=\"text-editor.default\">\n\t\t\t\t<div class=\"elementor-widget-container\">\n\t\t\t\t\t\t\t\t\t<table id=\"MainTable\">\n<thead>\n<tr>\n<th scope=\"col\">Ticketart<\/th>\n<th scope=\"col\">Verbund<\/th>\n<th scope=\"col\">Erwachsene<\/th>\n<th scope=\"col\">Kids U16<\/th>\n<th scope=\"col\">Erm\u00e4ssigt*<\/th>\n<th scope=\"col\">Jugend U25<\/th>\n<th scope=\"col\">Jugend U28<\/th>\n<\/tr>\n<\/thead>\n<tbody>\n<tr>\n<td data-label=\"Ticketart\">Vorverkauf Brunnalm-Hohe Veitsch**<\/td>\n<td>&nbsp;<\/td>\n<td data-label=\"Standard\">\u20ac 428,00<\/td>\n<td data-label=\"Kids U16\">\u20ac 230,00<\/td>\n<td data-label=\"Erm\u00e4ssigt\u00b9\">\u20ac 396,00<\/td>\n<\/tr>\n<tr>\n<td data-label=\"Ticketart\"><a href=\"https:\/\/www.skiregion-ostalpen.at\/tarife\" target=\"_blank\" rel=\"noopener noreferrer\">Ostalpen Card<\/a><\/td>\n<td data-label=\"Verbund\"><img decoding=\"async\" class=\"alignnone wp-image-2026\" src=\"https:\/\/www.brunnalm-hoheveitsch.at\/winter\/wp-content\/uploads\/sites\/3\/2019\/12\/ostalpencard.png\" alt=\"\" width=\"77\" height=\"21\"><\/td>\n<td data-label=\"Standard\">\u20ac 720,00<\/td>\n<td data-label=\"Kids U16\">\u20ac 372,00<\/td>\n<td>&nbsp;<\/td>\n<td style=\"white-space: normal;\" data-label=\"Jugend U25\">\u20ac 547,00<\/td>\n<\/tr>\n<tr>\n<td data-label=\"Ticketart\"><a href=\"https:\/\/www.steiermarkjoker.at\/index.php?suche=show&amp;kat=alle\" target=\"_blank\" rel=\"noopener noreferrer\">Vorverkauf Steiermark Joker<\/a>***<em><br><\/em><\/td>\n<td data-label=\"Verbund\"><img decoding=\"async\" class=\"alignnone wp-image-35\" src=\"https:\/\/www.brunnalm-hoheveitsch.at\/winter\/wp-content\/uploads\/sites\/3\/2018\/10\/steiermarkjoker.jpg\" alt=\"\" width=\"77\" height=\"29\"><\/td>\n<td data-label=\"Standard\">\u20ac 1066,00<\/td>\n<td data-label=\"Kids U16\">\u20ac 576,00<\/td>\n<td>&nbsp;<\/td>\n<td>&nbsp;\u20ac 778,00<\/td>\n<td data-label=\"Jugend U28\">&nbsp;\u20ac 778,00<\/td>\n<\/tr>\n<tr>\n<td data-label=\"Ticketart\"><a href=\"https:\/\/www.skiberge.at\/mur-muerz-top-skipass\/\" target=\"_blank\" rel=\"noopener noreferrer\">Vorverkauf Mur-M\u00fcrz Top Skipass<\/a>****<\/td>\n<td data-label=\"Verbund\"><img decoding=\"async\" class=\"alignnone wp-image-34\" src=\"https:\/\/www.brunnalm-hoheveitsch.at\/winter\/wp-content\/uploads\/sites\/3\/2018\/10\/MurMuerz.jpg\" alt=\"\" width=\"74\" height=\"23\"><\/td>\n<td data-label=\"Standard\">\u20ac 775,00<\/td>\n<td data-label=\"Kids U16\">\u20ac 427,00<\/td>\n<td><br><\/td>\n<td>\u20ac 566,00<\/td>\n<td data-label=\"Jugend U28\">&nbsp;\u20ac 566,00<\/td>\n<\/tr>\n<\/tbody>\n<\/table>\n<p><strong>*Erm\u00e4ssigt:&nbsp;<\/strong>Sch\u00fcler \/ Lehrlinge U20 \/ Studenten U28 \/ Pr\u00e4senz- &amp; Zivildiener \/ Senioren \u00dc60. Erm\u00e4\u00dfigte Preise sind nur gegen Vorlage eines g\u00fcltigen Lichtbild-Ausweises m\u00f6glich.<br><strong>**Vorverkauf Brunnalm-Hohe Veitsch:<\/strong>&nbsp;im Zeitraum von 11.12. &#8211; 15.12.2024 immer von 11:00 &#8211; 13:00 Uhr bei der Skikassa Brunnalm.<br><strong>***Vorverkauf Steiermark Joker:<\/strong>&nbsp;Die Vorverkaufspreise gelten nur beim Kauf&nbsp; bis zum 5.12.2024. E-Mail Reservierung nur bis 5.12.2024 m\u00f6glich.<br><strong>****Vorverkauf Mur-M\u00fcrz Top Skipass:<\/strong> Die Vorverkaufskarten sind bis 15.12.2024 erwerbbar.<\/p>\n<p style=\"text-align: center;\">Es gelten die Allgemeinen Gesch\u00e4ftsbedingungen der jeweiligen Verbundkartenbetreiber (beim Kauf einer Verbundkarte) und Freizeitbetriebe Veitsch GmbH (beim Kauf einer Brunnalm &#8211; Hohe Veitsch Saisonkarte)<\/p>\t\t\t\t\t\t\t\t<\/div>\n\t\t\t\t<\/div>\n\t\t\t\t<div class=\"elementor-element elementor-element-6cd26e8 eael-infobox-icon-bg-shape-none eael-infobox-icon-hover-bg-shape-none elementor-widget elementor-widget-eael-info-box\" data-id=\"6cd26e8\" data-element_type=\"widget\" data-widget_type=\"eael-info-box.default\">\n\t\t\t\t<div class=\"elementor-widget-container\">\n\t\t\t\t\t        <div class=\"eael-infobox icon-on-left\">\n\t            <div class=\"infobox-icon eael-icon-only\">\n\n            \n                            <div class=\"infobox-icon-wrap\">\n                    <i aria-hidden=\"true\" class=\"far fa-id-card\"><\/i>                <\/div>\n            \n            \n        <\/div>\n            <div class=\"infobox-content eael-icon-only\">\n            <h2 class=\"title\">Keycard Info<\/h2><div><p>Die Key-Card wird personalisiert mit Foto. Die Key-Card ist nicht im Preis inkludiert. Key-Card-Einsatz \u20ac 3,00. Refundierung bei R\u00fcckgabe des <strong>unbesch\u00e4digten Datentr\u00e4gers<\/strong> an allen Kassen.<\/p><\/div>        <\/div>\n            <\/div>\n\n\t\t\t\t\t\t<\/div>\n\t\t\t\t<\/div>\n\t\t\t\t<div class=\"elementor-element elementor-element-bdc80fd eael-infobox-icon-bg-shape-none eael-infobox-icon-hover-bg-shape-none elementor-widget elementor-widget-eael-info-box\" data-id=\"bdc80fd\" data-element_type=\"widget\" data-widget_type=\"eael-info-box.default\">\n\t\t\t\t<div class=\"elementor-widget-container\">\n\t\t\t\t\t        <div class=\"eael-infobox icon-on-left\">\n\t            <div class=\"infobox-icon eael-icon-only\">\n\n            \n                            <div class=\"infobox-icon-wrap\">\n                    <i aria-hidden=\"true\" class=\"fas fa-info-circle\"><\/i>                <\/div>\n            \n            \n        <\/div>\n            <div class=\"infobox-content eael-icon-only\">\n            <h2 class=\"title\">Allgemeine Ticket Informationen<\/h2><div><ul style=\"font-size:16px; padding-left: 10px;\">\n \t<li>Erm\u00e4\u00dfigte Preise sind nur gegen Vorlage eines Lichtbild-Ausweises m\u00f6glich.<\/li>\n \t<li>Das Ticket ist personengebunden und nicht \u00fcbertragbar.<\/li>\n \t<li>Zuwiderhandeln wird ausnahmslos zur Anzeige gebracht, sowie mit einer Bearbeitungsgeb\u00fchr von \u20ac 100,- an der Kassa verrechnet.<\/li>\n \t<li>Kein Ersatz und R\u00fcckverg\u00fctung f\u00fcr vergessene oder verlorene Tickets.<\/li>\n \t<li>Reduziertes Angebot erhebt keinen Anspruch auf Reduktion des jeweiligen Ticket Tarifs.<\/li>\n \t<li>Witterungs- und schneebedingt ist Anfang und Ende der Saison mit einem eingeschr\u00e4nkten Anlagen- und Streckenangebot zu rechnen.<\/li>\n \t<li>Keine R\u00fcckverg\u00fctung bei vor\u00fcbergehender Betriebsunterbrechung, witterungsbedingten Unterbrechungen einzelner Anlagen, Sperrung einzelner Strecken, \u00dcberf\u00fcllung von Strecken und Anlagen.<\/li>\n \t<li>Mehrtageskarten sind nur an aufeinanderfolgenden Tagen g\u00fcltig.<\/li>\n \t<li>Rabattaktionen sind nicht kombinierbar<\/li>\n \t<li>Es gelten die Allgemeinen Bef\u00f6rderungsbedingungen und das Kartenr\u00fcckgaberecht &#8211; siehe Tarifbestimmungen.<\/li>\n \t<li>Informationen \u00fcber zus\u00e4tzliche Ticketangebote erh\u00e4ltst du an den Liftkassen.<\/li>\n<\/ul><\/div>        <\/div>\n            <\/div>\n\n\t\t\t\t\t\t<\/div>\n\t\t\t\t<\/div>\n\t\t\t\t\t<\/div>\n\t\t<\/div>\n\t\t\t\t\t<\/div>\n\t\t<\/section>\n\t\t\t\t<\/div>\n\t\t","protected":false},"excerpt":{"rendered":"<p>Saisonkarten Vorverkauf 2024 Der Saisonkarten Vorverkauf findet im Zeitraum von 11. Dezember 2024 bis 15. Dezember 2024 von 11:00 &#8211; 13:00 Uhr statt. Komme an diesen Tage bei unserer Skikassa vorbei und sichere dir deine Saisonkarte oder Verbundskikarte zum verg\u00fcnstigten Vorverkaufspreis oder reserviere sie dir ganz einfach in unserem Online Shop! Reservier dir deine Saisonkarte<br \/><a class=\"moretag\" href=\"https:\/\/www.brunnalm-hoheveitsch.at\/winter\/vorverkauf\/\">+ Read More<\/a><\/p>\n","protected":false},"author":1,"featured_media":539,"parent":0,"menu_order":0,"comment_status":"closed","ping_status":"closed","template":"templates\/page-fullwidth_template.php","meta":{"_acf_changed":false,"footnotes":"","_links_to":"","_links_to_target":""},"class_list":["post-7567","page","type-page","status-publish","has-post-thumbnail","hentry"],"acf":[],"publishpress_future_workflow_manual_trigger":{"enabledWorkflows":[]},"_links":{"self":[{"href":"https:\/\/www.brunnalm-hoheveitsch.at\/winter\/wp-json\/wp\/v2\/pages\/7567","targetHints":{"allow":["GET"]}}],"collection":[{"href":"https:\/\/www.brunnalm-hoheveitsch.at\/winter\/wp-json\/wp\/v2\/pages"}],"about":[{"href":"https:\/\/www.brunnalm-hoheveitsch.at\/winter\/wp-json\/wp\/v2\/types\/page"}],"author":[{"embeddable":true,"href":"https:\/\/www.brunnalm-hoheveitsch.at\/winter\/wp-json\/wp\/v2\/users\/1"}],"replies":[{"embeddable":true,"href":"https:\/\/www.brunnalm-hoheveitsch.at\/winter\/wp-json\/wp\/v2\/comments?post=7567"}],"version-history":[{"count":0,"href":"https:\/\/www.brunnalm-hoheveitsch.at\/winter\/wp-json\/wp\/v2\/pages\/7567\/revisions"}],"wp:featuredmedia":[{"embeddable":true,"href":"https:\/\/www.brunnalm-hoheveitsch.at\/winter\/wp-json\/wp\/v2\/media\/539"}],"wp:attachment":[{"href":"https:\/\/www.brunnalm-hoheveitsch.at\/winter\/wp-json\/wp\/v2\/media?parent=7567"}],"curies":[{"name":"wp","href":"https:\/\/api.w.org\/{rel}","templated":true}]}}