{"id":6008,"date":"2023-01-23T20:45:39","date_gmt":"2023-01-23T19:45:39","guid":{"rendered":"https:\/\/www.brunnalm-hoheveitsch.at\/winter\/?page_id=6008"},"modified":"2024-10-09T15:50:16","modified_gmt":"2024-10-09T13:50:16","slug":"schulen","status":"publish","type":"page","link":"https:\/\/www.brunnalm-hoheveitsch.at\/winter\/schulen\/","title":{"rendered":"Schulen"},"content":{"rendered":"\t\t<div data-elementor-type=\"wp-page\" data-elementor-id=\"6008\" class=\"elementor elementor-6008\" data-elementor-post-type=\"page\">\n\t\t\t\t\t\t<section class=\"elementor-section elementor-top-section elementor-element elementor-element-1a93648 elementor-section-boxed elementor-section-height-default elementor-section-height-default\" data-id=\"1a93648\" data-element_type=\"section\">\n\t\t\t\t\t\t<div class=\"elementor-container elementor-column-gap-default\">\n\t\t\t\t\t<div class=\"elementor-column elementor-col-100 elementor-top-column elementor-element elementor-element-5193519\" data-id=\"5193519\" data-element_type=\"column\">\n\t\t\t<div class=\"elementor-widget-wrap elementor-element-populated\">\n\t\t\t\t\t\t<div class=\"elementor-element elementor-element-f67c439 elementor-widget elementor-widget-heading\" data-id=\"f67c439\" data-element_type=\"widget\" data-widget_type=\"heading.default\">\n\t\t\t\t<div class=\"elementor-widget-container\">\n\t\t\t\t\t<h2 class=\"elementor-heading-title elementor-size-default\">Schulen auf der Brunnalm<\/h2>\t\t\t\t<\/div>\n\t\t\t\t<\/div>\n\t\t\t\t\t<\/div>\n\t\t<\/div>\n\t\t\t\t\t<\/div>\n\t\t<\/section>\n\t\t\t\t<section class=\"elementor-section elementor-top-section elementor-element elementor-element-02dd81b elementor-section-boxed elementor-section-height-default elementor-section-height-default\" data-id=\"02dd81b\" data-element_type=\"section\">\n\t\t\t\t\t\t<div class=\"elementor-container elementor-column-gap-default\">\n\t\t\t\t\t<div class=\"elementor-column elementor-col-100 elementor-top-column elementor-element elementor-element-cc7a581\" data-id=\"cc7a581\" data-element_type=\"column\">\n\t\t\t<div class=\"elementor-widget-wrap elementor-element-populated\">\n\t\t\t\t\t\t<div class=\"elementor-element elementor-element-ac94175 elementor-widget elementor-widget-text-editor\" data-id=\"ac94175\" data-element_type=\"widget\" data-widget_type=\"text-editor.default\">\n\t\t\t\t<div class=\"elementor-widget-container\">\n\t\t\t\t\t\t\t\t\t<p>Der Spa\u00df, in eine neue Welt einzutauchen, den Winterzauber zu genie\u00dfen und die F\u00f6rderung der Klassengemeinschaft sind un\u00fcbertreffliche Nebeneffekte. Auf der Brunnalm k\u00f6nnen die Kinder und Lehrer*innen einen gemeinsamen, aktiven und lustigen Tag mit Wintersport auf der Sonnenseite des M\u00fcrztals genie\u00dfen. Die unber\u00fchrte Natur des Skigebietes, die einfache Orientierung, der Zauberteppich und das hilfsbereite und aufmerksame Personal sind die Zutaten f\u00fcr einen perfekten Skitag. Das Team aus ausgebildeten Kinderskilehrenden der Skischule ist seit jeher bem\u00fcht, den Kids sch\u00f6ne und unvergessliche Stunden im Schnee zu gestalten!<\/p>\n<p style=\"text-align: center;\"><span style=\"text-align: center;\">Es w\u00fcrde uns sehr freuen, Ihre Schule auf der Brunnalm begr\u00fc\u00dfen zu d\u00fcrfen.<\/span><\/p>\t\t\t\t\t\t\t\t<\/div>\n\t\t\t\t<\/div>\n\t\t\t\t<section class=\"elementor-section elementor-inner-section elementor-element elementor-element-35768e9 elementor-section-boxed elementor-section-height-default elementor-section-height-default\" data-id=\"35768e9\" data-element_type=\"section\">\n\t\t\t\t\t\t<div class=\"elementor-container elementor-column-gap-default\">\n\t\t\t\t\t<div class=\"elementor-column elementor-col-100 elementor-inner-column elementor-element elementor-element-3de2588\" data-id=\"3de2588\" data-element_type=\"column\" data-settings=\"{&quot;background_background&quot;:&quot;classic&quot;}\">\n\t\t\t<div class=\"elementor-widget-wrap elementor-element-populated\">\n\t\t\t\t\t\t<div class=\"elementor-element elementor-element-307c249 elementor-align-center elementor-widget elementor-widget-button\" data-id=\"307c249\" data-element_type=\"widget\" data-widget_type=\"button.default\">\n\t\t\t\t<div class=\"elementor-widget-container\">\n\t\t\t\t\t\t\t\t\t<div class=\"elementor-button-wrapper\">\n\t\t\t\t\t<a class=\"elementor-button elementor-button-link elementor-size-md\" href=\"https:\/\/www.brunnalm-hoheveitsch.at\/winter\/anfrage-kindergruppen-schulskikurse\/\" target=\"_blank\">\n\t\t\t\t\t\t<span class=\"elementor-button-content-wrapper\">\n\t\t\t\t\t\t\t\t\t<span class=\"elementor-button-text\">Anfrage Schulskikurs<\/span>\n\t\t\t\t\t<\/span>\n\t\t\t\t\t<\/a>\n\t\t\t\t<\/div>\n\t\t\t\t\t\t\t\t<\/div>\n\t\t\t\t<\/div>\n\t\t\t\t<div class=\"elementor-element elementor-element-01917c8 elementor-widget elementor-widget-text-editor\" data-id=\"01917c8\" data-element_type=\"widget\" data-widget_type=\"text-editor.default\">\n\t\t\t\t<div class=\"elementor-widget-container\">\n\t\t\t\t\t\t\t\t\t<p>Bei Interesse, stellen Sie eine Anfrage \u00fcber unser Online Formular und wir setzen uns mit Ihnen in Verbindung. Angebote gelten nur nach schriftlicher Best\u00e4tigung durch die Freizeitbetriebe Veitsch GmbH. Bei Skitagen an den Wochentagen Montag, Dienstag oder Mittwoch k\u00f6nnen Ausnahmen f\u00fcr den Liftbetrieb erfolgen, daher ist eine Anmeldung ihrer Schule unbedingt erforderlich.<\/p>\t\t\t\t\t\t\t\t<\/div>\n\t\t\t\t<\/div>\n\t\t\t\t\t<\/div>\n\t\t<\/div>\n\t\t\t\t\t<\/div>\n\t\t<\/section>\n\t\t\t\t<div class=\"elementor-element elementor-element-d1067d0 elementor-widget elementor-widget-text-editor\" data-id=\"d1067d0\" data-element_type=\"widget\" data-widget_type=\"text-editor.default\">\n\t\t\t\t<div class=\"elementor-widget-container\">\n\t\t\t\t\t\t\t\t\t<table id=\"MainTable\"><thead><tr><th scope=\"col\">Schule*<\/th><th scope=\"col\">Kids<\/th><th scope=\"col\">Info Begleitperson<\/th><\/tr><\/thead><tbody><tr><td data-label=\"Schule \/ Kindergarten\">1\/2 Skitag*<\/td><td data-label=\"pro Kind\">\u20ac 10,00<\/td><td data-label=\"\">Pro 10 Kinder 1x Begleitung FREI. Weitere Begleitung \u20ac 10,00<\/td><\/tr><tr><td data-label=\"Schule \/ Kindergarten\">1 Skitag*<\/td><td data-label=\"pro Kind\">\u20ac 12,00<\/td><td data-label=\"\">Pro 10 Kinder 1x Begleitung FREI. Weitere Begleitung \u20ac 12,00<\/td><\/tr><tr><td data-label=\"max. 80 Kinder\">Schulskitag*<\/td><td data-label=\"pro Schule\">\u20ac 500,00<\/td><td data-label=\"\">max. 65 Kinder | pro 8 Kinder 1x Begleitung FREI<\/td><\/tr><\/tbody><\/table><p><strong>*Schultarife<\/strong>\u00a0nur im Rahmen des Sport &amp; Turnunterrichts. G\u00fcltig nur an Schultagen. Freifahrt f\u00fcr Kinder unter 6 Jahren<\/p>\t\t\t\t\t\t\t\t<\/div>\n\t\t\t\t<\/div>\n\t\t\t\t<section class=\"elementor-section elementor-inner-section elementor-element elementor-element-043ca92 elementor-section-boxed elementor-section-height-default elementor-section-height-default\" data-id=\"043ca92\" data-element_type=\"section\">\n\t\t\t\t\t\t<div class=\"elementor-container elementor-column-gap-default\">\n\t\t\t\t\t<div class=\"elementor-column elementor-col-50 elementor-inner-column elementor-element elementor-element-edd47fa\" data-id=\"edd47fa\" data-element_type=\"column\">\n\t\t\t<div class=\"elementor-widget-wrap elementor-element-populated\">\n\t\t\t\t\t\t<div class=\"elementor-element elementor-element-e948ab7 elementor-widget elementor-widget-heading\" data-id=\"e948ab7\" data-element_type=\"widget\" data-widget_type=\"heading.default\">\n\t\t\t\t<div class=\"elementor-widget-container\">\n\t\t\t\t\t<h2 class=\"elementor-heading-title elementor-size-default\">Unser Angebot f\u00fcr einen unvergesslichen sch\u00f6nen Skitag:<\/h2>\t\t\t\t<\/div>\n\t\t\t\t<\/div>\n\t\t\t\t<div class=\"elementor-element elementor-element-3b71c07 elementor-widget elementor-widget-text-editor\" data-id=\"3b71c07\" data-element_type=\"widget\" data-widget_type=\"text-editor.default\">\n\t\t\t\t<div class=\"elementor-widget-container\">\n\t\t\t\t\t\t\t\t\t<ul><li>Liftkarte<\/li><li>Gef\u00fchrte Kurse buchbar bei der Skischule Felber<\/li><li>Aufpreis Kids Men\u00fc um \u20ac 10,00<\/li><li>Leihmaterial (Verleih Ski, Schuhe &amp; St\u00f6cke) erh\u00e4ltlich beim Skiverleih direkt im Brunnalmzentrum<\/li><li>Skilehrer (auf Anfrage bei Skischule Felber)<\/li><\/ul><p>F\u00fcr eine erleichterte Planung der Schulskitage finden Sie das zusammengefasste Angebot hier:<\/p>\t\t\t\t\t\t\t\t<\/div>\n\t\t\t\t<\/div>\n\t\t\t\t<div class=\"elementor-element elementor-element-30927ed elementor-align-center elementor-widget elementor-widget-button\" data-id=\"30927ed\" data-element_type=\"widget\" data-widget_type=\"button.default\">\n\t\t\t\t<div class=\"elementor-widget-container\">\n\t\t\t\t\t\t\t\t\t<div class=\"elementor-button-wrapper\">\n\t\t\t\t\t<a class=\"elementor-button elementor-button-link elementor-size-md\" href=\"https:\/\/www.brunnalm-hoheveitsch.at\/winter\/wp-content\/uploads\/sites\/3\/2024\/10\/Skikurs-Schulen-2024-Angebot.pdf\" target=\"_blank\">\n\t\t\t\t\t\t<span class=\"elementor-button-content-wrapper\">\n\t\t\t\t\t\t\t\t\t<span class=\"elementor-button-text\">Brunnalm - Skikurs 2024 Angebot<\/span>\n\t\t\t\t\t<\/span>\n\t\t\t\t\t<\/a>\n\t\t\t\t<\/div>\n\t\t\t\t\t\t\t\t<\/div>\n\t\t\t\t<\/div>\n\t\t\t\t<div class=\"elementor-element elementor-element-539f7e4 elementor-align-center elementor-widget elementor-widget-button\" data-id=\"539f7e4\" data-element_type=\"widget\" data-widget_type=\"button.default\">\n\t\t\t\t<div class=\"elementor-widget-container\">\n\t\t\t\t\t\t\t\t\t<div class=\"elementor-button-wrapper\">\n\t\t\t\t\t<a class=\"elementor-button elementor-button-link elementor-size-md\" href=\"https:\/\/www.brunnalm-hoheveitsch.at\/winter\/wp-content\/uploads\/sites\/3\/2024\/10\/FAQ-Schulen_Gruppen.pdf\" target=\"_blank\">\n\t\t\t\t\t\t<span class=\"elementor-button-content-wrapper\">\n\t\t\t\t\t\t\t\t\t<span class=\"elementor-button-text\">FAQ - Wissenswertes f\u00fcr Schulen<\/span>\n\t\t\t\t\t<\/span>\n\t\t\t\t\t<\/a>\n\t\t\t\t<\/div>\n\t\t\t\t\t\t\t\t<\/div>\n\t\t\t\t<\/div>\n\t\t\t\t\t<\/div>\n\t\t<\/div>\n\t\t\t\t<div class=\"elementor-column elementor-col-50 elementor-inner-column elementor-element elementor-element-d06e9ab\" data-id=\"d06e9ab\" data-element_type=\"column\" data-settings=\"{&quot;background_background&quot;:&quot;classic&quot;}\">\n\t\t\t<div class=\"elementor-widget-wrap elementor-element-populated\">\n\t\t\t\t\t\t<div class=\"elementor-element elementor-element-f69b50e elementor-widget elementor-widget-heading\" data-id=\"f69b50e\" data-element_type=\"widget\" data-widget_type=\"heading.default\">\n\t\t\t\t<div class=\"elementor-widget-container\">\n\t\t\t\t\t<h2 class=\"elementor-heading-title elementor-size-default\">Kids Men\u00fc - Auswahl<\/h2>\t\t\t\t<\/div>\n\t\t\t\t<\/div>\n\t\t\t\t<div class=\"elementor-element elementor-element-f751b1a elementor-widget elementor-widget-text-editor\" data-id=\"f751b1a\" data-element_type=\"widget\" data-widget_type=\"text-editor.default\">\n\t\t\t\t<div class=\"elementor-widget-container\">\n\t\t\t\t\t\t\t\t\t<ul><li>M1: Kinderschnitzel vom Huhn mit Pommes inkl. Ski Wasser\u00a0 f\u00fcr nur \u20ac 10,00<\/li><li>M2: vegetarisches Kindermen\u00fc<\/li><\/ul>\t\t\t\t\t\t\t\t<\/div>\n\t\t\t\t<\/div>\n\t\t\t\t<div class=\"elementor-element elementor-element-88edd99 elementor-widget elementor-widget-text-editor\" data-id=\"88edd99\" data-element_type=\"widget\" data-widget_type=\"text-editor.default\">\n\t\t\t\t<div class=\"elementor-widget-container\">\n\t\t\t\t\t\t\t\t\t<p>Bei mehrt\u00e4gigem Besuch oder bei Unvertr\u00e4glichkeiten stellen wir einen Men\u00fcplan zusammen.<\/p>\t\t\t\t\t\t\t\t<\/div>\n\t\t\t\t<\/div>\n\t\t\t\t\t<\/div>\n\t\t<\/div>\n\t\t\t\t\t<\/div>\n\t\t<\/section>\n\t\t\t\t\t<\/div>\n\t\t<\/div>\n\t\t\t\t\t<\/div>\n\t\t<\/section>\n\t\t\t\t<\/div>\n\t\t","protected":false},"excerpt":{"rendered":"<p>Schulen auf der Brunnalm Der Spa\u00df, in eine neue Welt einzutauchen, den Winterzauber zu genie\u00dfen und die F\u00f6rderung der Klassengemeinschaft sind un\u00fcbertreffliche Nebeneffekte. Auf der Brunnalm k\u00f6nnen die Kinder und Lehrer*innen einen gemeinsamen, aktiven und lustigen Tag mit Wintersport auf der Sonnenseite des M\u00fcrztals genie\u00dfen. Die unber\u00fchrte Natur des Skigebietes, die einfache Orientierung, der Zauberteppich<br \/><a class=\"moretag\" href=\"https:\/\/www.brunnalm-hoheveitsch.at\/winter\/schulen\/\">+ Read More<\/a><\/p>\n","protected":false},"author":1,"featured_media":4771,"parent":0,"menu_order":0,"comment_status":"closed","ping_status":"closed","template":"templates\/page-fullwidth_template.php","meta":{"_acf_changed":false,"footnotes":"","_links_to":"","_links_to_target":""},"class_list":["post-6008","page","type-page","status-publish","has-post-thumbnail","hentry"],"acf":[],"publishpress_future_workflow_manual_trigger":{"enabledWorkflows":[]},"_links":{"self":[{"href":"https:\/\/www.brunnalm-hoheveitsch.at\/winter\/wp-json\/wp\/v2\/pages\/6008","targetHints":{"allow":["GET"]}}],"collection":[{"href":"https:\/\/www.brunnalm-hoheveitsch.at\/winter\/wp-json\/wp\/v2\/pages"}],"about":[{"href":"https:\/\/www.brunnalm-hoheveitsch.at\/winter\/wp-json\/wp\/v2\/types\/page"}],"author":[{"embeddable":true,"href":"https:\/\/www.brunnalm-hoheveitsch.at\/winter\/wp-json\/wp\/v2\/users\/1"}],"replies":[{"embeddable":true,"href":"https:\/\/www.brunnalm-hoheveitsch.at\/winter\/wp-json\/wp\/v2\/comments?post=6008"}],"version-history":[{"count":0,"href":"https:\/\/www.brunnalm-hoheveitsch.at\/winter\/wp-json\/wp\/v2\/pages\/6008\/revisions"}],"wp:featuredmedia":[{"embeddable":true,"href":"https:\/\/www.brunnalm-hoheveitsch.at\/winter\/wp-json\/wp\/v2\/media\/4771"}],"wp:attachment":[{"href":"https:\/\/www.brunnalm-hoheveitsch.at\/winter\/wp-json\/wp\/v2\/media?parent=6008"}],"curies":[{"name":"wp","href":"https:\/\/api.w.org\/{rel}","templated":true}]}}