{"id":5850,"date":"2023-01-20T15:14:25","date_gmt":"2023-01-20T14:14:25","guid":{"rendered":"https:\/\/www.brunnalm-hoheveitsch.at\/winter\/?page_id=5850"},"modified":"2023-01-21T23:43:40","modified_gmt":"2023-01-21T22:43:40","slug":"kindergeburtstage","status":"publish","type":"page","link":"https:\/\/www.brunnalm-hoheveitsch.at\/winter\/kindergeburtstage\/","title":{"rendered":"Kindergeburtstage"},"content":{"rendered":"\t\t<div data-elementor-type=\"wp-page\" data-elementor-id=\"5850\" class=\"elementor elementor-5850\" data-elementor-post-type=\"page\">\n\t\t\t\t\t\t<section class=\"elementor-section elementor-top-section elementor-element elementor-element-3dc167f elementor-section-boxed elementor-section-height-default elementor-section-height-default\" data-id=\"3dc167f\" data-element_type=\"section\">\n\t\t\t\t\t\t<div class=\"elementor-container elementor-column-gap-default\">\n\t\t\t\t\t<div class=\"elementor-column elementor-col-100 elementor-top-column elementor-element elementor-element-b176c1e\" data-id=\"b176c1e\" data-element_type=\"column\">\n\t\t\t<div class=\"elementor-widget-wrap elementor-element-populated\">\n\t\t\t\t\t\t<div class=\"elementor-element elementor-element-9b086b3 elementor-widget elementor-widget-heading\" data-id=\"9b086b3\" data-element_type=\"widget\" data-widget_type=\"heading.default\">\n\t\t\t\t<div class=\"elementor-widget-container\">\n\t\t\t\t\t<h2 class=\"elementor-heading-title elementor-size-default\">Kindergeburtstage<\/h2>\t\t\t\t<\/div>\n\t\t\t\t<\/div>\n\t\t\t\t\t<\/div>\n\t\t<\/div>\n\t\t\t\t\t<\/div>\n\t\t<\/section>\n\t\t\t\t<section class=\"elementor-section elementor-top-section elementor-element elementor-element-2a2c61d elementor-section-boxed elementor-section-height-default elementor-section-height-default\" data-id=\"2a2c61d\" data-element_type=\"section\">\n\t\t\t\t\t\t<div class=\"elementor-container elementor-column-gap-default\">\n\t\t\t\t\t<div class=\"elementor-column elementor-col-66 elementor-top-column elementor-element elementor-element-5f076ec\" data-id=\"5f076ec\" data-element_type=\"column\">\n\t\t\t<div class=\"elementor-widget-wrap elementor-element-populated\">\n\t\t\t\t\t\t<div class=\"elementor-element elementor-element-1e044f1 elementor-widget elementor-widget-heading\" data-id=\"1e044f1\" data-element_type=\"widget\" data-widget_type=\"heading.default\">\n\t\t\t\t<div class=\"elementor-widget-container\">\n\t\t\t\t\t<h2 class=\"elementor-heading-title elementor-size-default\">Schnitzelj\u00e4ger zu Tisch<\/h2>\t\t\t\t<\/div>\n\t\t\t\t<\/div>\n\t\t\t\t<div class=\"elementor-element elementor-element-c281e9b elementor-widget elementor-widget-text-editor\" data-id=\"c281e9b\" data-element_type=\"widget\" data-widget_type=\"text-editor.default\">\n\t\t\t\t<div class=\"elementor-widget-container\">\n\t\t\t\t\t\t\t\t\t<p>Ein Geburtstag in der \u201eGams\u201c ist f\u00fcr Kinder unvergesslich. Das Geburtstagskind (4-11 Jahre) hat Essen frei und bekommt ein Geschenk. F\u00fcr alle kleinen G\u00e4ste gibt&#8217;s Kinderschnitzel mit Pommes und Skiwasser an einer sch\u00f6n dekorierten Geburtstagstafel.<\/p><p>Programm: Kinder Bingo &amp; Besuch von unserem Gamserl dem Bertl<\/p>\t\t\t\t\t\t\t\t<\/div>\n\t\t\t\t<\/div>\n\t\t\t\t\t<\/div>\n\t\t<\/div>\n\t\t\t\t<div class=\"elementor-column elementor-col-33 elementor-top-column elementor-element elementor-element-47ca773\" data-id=\"47ca773\" data-element_type=\"column\" data-settings=\"{&quot;background_background&quot;:&quot;classic&quot;}\">\n\t\t\t<div class=\"elementor-widget-wrap elementor-element-populated\">\n\t\t\t\t\t\t<div class=\"elementor-element elementor-element-20defa3 elementor-widget elementor-widget-heading\" data-id=\"20defa3\" data-element_type=\"widget\" data-widget_type=\"heading.default\">\n\t\t\t\t<div class=\"elementor-widget-container\">\n\t\t\t\t\t<h2 class=\"elementor-heading-title elementor-size-default\">Schnitzelj\u00e4ger zu Tisch<\/h2>\t\t\t\t<\/div>\n\t\t\t\t<\/div>\n\t\t\t\t<div class=\"elementor-element elementor-element-ac303c2 elementor-widget elementor-widget-text-editor\" data-id=\"ac303c2\" data-element_type=\"widget\" data-widget_type=\"text-editor.default\">\n\t\t\t\t<div class=\"elementor-widget-container\">\n\t\t\t\t\t\t\t\t\t<ul><li>Freies Kinderschnitzel f\u00fcr das Geburtstagskind<\/li><li>\u00dcberraschungsgeschenk f\u00fcr das Geburtstagskind<\/li><li>Kinderschnitzel mit Pommes und Skiwasser<\/li><li>Kinder Bingo &amp; Besuch vom Gamserl Bertl<\/li><\/ul><p style=\"text-align: right;\">pro Kind (4-11 Jahre) \u20ac 18,00<br \/>buchbar ab 5 Kinder\u00a0<span style=\"color: var( --e-global-color-secondary ); font-weight: var( --e-global-typography-text-font-weight );\">(4-11 Jahren)<br \/>f\u00fcr Begleitpersonen gelten Preise nach Speisekarte<\/span><\/p><p><strong>Buchbare Zusatzleistung:<\/strong><\/p><ul><li>Kinder Palatschinken zum Nachtisch:\u00a0<span style=\"color: var( --e-global-color-secondary ); font-weight: var( --e-global-typography-text-font-weight );\">\u20ac 3,90 pro Kind<\/span><\/li><\/ul><p>F\u00fcllen Sie unser Online Formular aus und teilen Sie uns ein paar Informationen zu Ihrem Besuch mit.<\/p>\t\t\t\t\t\t\t\t<\/div>\n\t\t\t\t<\/div>\n\t\t\t\t<div class=\"elementor-element elementor-element-8efe9c4 elementor-align-center elementor-widget elementor-widget-button\" data-id=\"8efe9c4\" data-element_type=\"widget\" data-widget_type=\"button.default\">\n\t\t\t\t<div class=\"elementor-widget-container\">\n\t\t\t\t\t\t\t\t\t<div class=\"elementor-button-wrapper\">\n\t\t\t\t\t<a class=\"elementor-button elementor-button-link elementor-size-md\" href=\"https:\/\/www.brunnalm-hoheveitsch.at\/winter\/reservierung-kindergeburtstag\/\" target=\"_blank\">\n\t\t\t\t\t\t<span class=\"elementor-button-content-wrapper\">\n\t\t\t\t\t\t\t\t\t<span class=\"elementor-button-text\">Anmeldung \/ Reservierung<\/span>\n\t\t\t\t\t<\/span>\n\t\t\t\t\t<\/a>\n\t\t\t\t<\/div>\n\t\t\t\t\t\t\t\t<\/div>\n\t\t\t\t<\/div>\n\t\t\t\t<div class=\"elementor-element elementor-element-da0eece elementor-widget elementor-widget-text-editor\" data-id=\"da0eece\" data-element_type=\"widget\" data-widget_type=\"text-editor.default\">\n\t\t\t\t<div class=\"elementor-widget-container\">\n\t\t\t\t\t\t\t\t\t<p>*Preise gelten nur nach Anmeldung \u00fcber das Online-Formular \/ E-Mail und Best\u00e4tigung per E-Mail durch die Freizeitbetriebe Veitsch GmbH<br \/>Parken Frei bei Reservierung.<\/p>\t\t\t\t\t\t\t\t<\/div>\n\t\t\t\t<\/div>\n\t\t\t\t\t<\/div>\n\t\t<\/div>\n\t\t\t\t\t<\/div>\n\t\t<\/section>\n\t\t\t\t<section class=\"elementor-section elementor-top-section elementor-element elementor-element-470f907 elementor-section-boxed elementor-section-height-default elementor-section-height-default\" data-id=\"470f907\" data-element_type=\"section\">\n\t\t\t\t\t\t<div class=\"elementor-container elementor-column-gap-default\">\n\t\t\t\t\t<div class=\"elementor-column elementor-col-66 elementor-top-column elementor-element elementor-element-1355472\" data-id=\"1355472\" data-element_type=\"column\">\n\t\t\t<div class=\"elementor-widget-wrap elementor-element-populated\">\n\t\t\t\t\t\t<div class=\"elementor-element elementor-element-54c6020 elementor-widget elementor-widget-heading\" data-id=\"54c6020\" data-element_type=\"widget\" data-widget_type=\"heading.default\">\n\t\t\t\t<div class=\"elementor-widget-container\">\n\t\t\t\t\t<h2 class=\"elementor-heading-title elementor-size-default\">S\u00fc\u00dfer Geburtstag<\/h2>\t\t\t\t<\/div>\n\t\t\t\t<\/div>\n\t\t\t\t<div class=\"elementor-element elementor-element-d92bdd3 elementor-widget elementor-widget-text-editor\" data-id=\"d92bdd3\" data-element_type=\"widget\" data-widget_type=\"text-editor.default\">\n\t\t\t\t<div class=\"elementor-widget-container\">\n\t\t\t\t\t\t\t\t\t<p>Am Geburtstag haben unsere S\u00fc\u00dfen auch etwas S\u00fc\u00dfes verdient. Es lockt eine lustig gedeckte Geburtstagstafel, mit Geburtstagstorte &#8211; dazu gibt&#8217;s Kakao oder Skiwasser. Das Geburtstagskind (4-11 Jahre) bekommt das Tortenst\u00fcck frei und ein Geschenk.<\/p><p>Programm: Kinder Bingo &amp; Besuch von unserem Gamserl dem Bertl<\/p>\t\t\t\t\t\t\t\t<\/div>\n\t\t\t\t<\/div>\n\t\t\t\t\t<\/div>\n\t\t<\/div>\n\t\t\t\t<div class=\"elementor-column elementor-col-33 elementor-top-column elementor-element elementor-element-657c99d\" data-id=\"657c99d\" data-element_type=\"column\" data-settings=\"{&quot;background_background&quot;:&quot;classic&quot;}\">\n\t\t\t<div class=\"elementor-widget-wrap elementor-element-populated\">\n\t\t\t\t\t\t<div class=\"elementor-element elementor-element-6ffb85a elementor-widget elementor-widget-heading\" data-id=\"6ffb85a\" data-element_type=\"widget\" data-widget_type=\"heading.default\">\n\t\t\t\t<div class=\"elementor-widget-container\">\n\t\t\t\t\t<h2 class=\"elementor-heading-title elementor-size-default\">S\u00fc\u00dfer Geburtstag\u200b<\/h2>\t\t\t\t<\/div>\n\t\t\t\t<\/div>\n\t\t\t\t<div class=\"elementor-element elementor-element-acc57d4 elementor-widget elementor-widget-text-editor\" data-id=\"acc57d4\" data-element_type=\"widget\" data-widget_type=\"text-editor.default\">\n\t\t\t\t<div class=\"elementor-widget-container\">\n\t\t\t\t\t\t\t\t\t<ul><li>Freies Tortenst\u00fcck f\u00fcr das Geburtstagskind<\/li><li>\u00dcberraschungsgeschenk f\u00fcr das Geburtstagskind<\/li><li>Tortenst\u00fcck und Kakao oder Skiwasser<\/li><li>Kinder Bingo &amp; Besuch vom Gamserl Bertl<\/li><\/ul><p style=\"text-align: right;\">pro Kind (4-11 Jahre) \u20ac 14,00<br \/>buchbar ab 5 Kinder\u00a0<span style=\"color: var( --e-global-color-secondary ); font-weight: var( --e-global-typography-text-font-weight );\">(4-11 Jahren)<br \/>f\u00fcr Begleitpersonen gelten Preise nach Speisekarte<\/span><\/p><p><strong>Buchbare Zusatzleistung:<\/strong><\/p><ul><li>eine Portion Pommes:\u00a0<span style=\"color: var( --e-global-color-secondary ); font-weight: var( --e-global-typography-text-font-weight );\">\u20ac 4,50 pro Kind<\/span><\/li><\/ul><p>F\u00fcllen Sie unser Online Formular aus und teilen Sie uns ein paar Informationen zu Ihrem Besuch mit.<\/p>\t\t\t\t\t\t\t\t<\/div>\n\t\t\t\t<\/div>\n\t\t\t\t<div class=\"elementor-element elementor-element-c18cda0 elementor-align-center elementor-widget elementor-widget-button\" data-id=\"c18cda0\" data-element_type=\"widget\" data-widget_type=\"button.default\">\n\t\t\t\t<div class=\"elementor-widget-container\">\n\t\t\t\t\t\t\t\t\t<div class=\"elementor-button-wrapper\">\n\t\t\t\t\t<a class=\"elementor-button elementor-button-link elementor-size-md\" href=\"https:\/\/www.brunnalm-hoheveitsch.at\/winter\/reservierung-kindergeburtstag\/\" target=\"_blank\">\n\t\t\t\t\t\t<span class=\"elementor-button-content-wrapper\">\n\t\t\t\t\t\t\t\t\t<span class=\"elementor-button-text\">Anmeldung \/ Reservierung<\/span>\n\t\t\t\t\t<\/span>\n\t\t\t\t\t<\/a>\n\t\t\t\t<\/div>\n\t\t\t\t\t\t\t\t<\/div>\n\t\t\t\t<\/div>\n\t\t\t\t<div class=\"elementor-element elementor-element-16ec5af elementor-widget elementor-widget-text-editor\" data-id=\"16ec5af\" data-element_type=\"widget\" data-widget_type=\"text-editor.default\">\n\t\t\t\t<div class=\"elementor-widget-container\">\n\t\t\t\t\t\t\t\t\t<p>*Preise gelten nur nach Anmeldung \u00fcber das Online-Formular \/ E-Mail und Best\u00e4tigung per E-Mail durch die Freizeitbetriebe Veitsch GmbH<br \/>Parken Frei bei Reservierung.<\/p>\t\t\t\t\t\t\t\t<\/div>\n\t\t\t\t<\/div>\n\t\t\t\t\t<\/div>\n\t\t<\/div>\n\t\t\t\t\t<\/div>\n\t\t<\/section>\n\t\t\t\t<\/div>\n\t\t","protected":false},"excerpt":{"rendered":"<p>Kindergeburtstage Schnitzelj\u00e4ger zu Tisch Ein Geburtstag in der \u201eGams\u201c ist f\u00fcr Kinder unvergesslich. Das Geburtstagskind (4-11 Jahre) hat Essen frei und bekommt ein Geschenk. F\u00fcr alle kleinen G\u00e4ste gibt&#8217;s Kinderschnitzel mit Pommes und Skiwasser an einer sch\u00f6n dekorierten Geburtstagstafel. Programm: Kinder Bingo &amp; Besuch von unserem Gamserl dem Bertl Schnitzelj\u00e4ger zu Tisch Freies Kinderschnitzel f\u00fcr<br \/><a class=\"moretag\" href=\"https:\/\/www.brunnalm-hoheveitsch.at\/winter\/kindergeburtstage\/\">+ Read More<\/a><\/p>\n","protected":false},"author":1,"featured_media":5664,"parent":0,"menu_order":0,"comment_status":"closed","ping_status":"closed","template":"templates\/page-fullwidth_template.php","meta":{"_acf_changed":false,"footnotes":"","_links_to":"","_links_to_target":""},"class_list":["post-5850","page","type-page","status-publish","has-post-thumbnail","hentry"],"acf":[],"publishpress_future_workflow_manual_trigger":{"enabledWorkflows":[]},"_links":{"self":[{"href":"https:\/\/www.brunnalm-hoheveitsch.at\/winter\/wp-json\/wp\/v2\/pages\/5850","targetHints":{"allow":["GET"]}}],"collection":[{"href":"https:\/\/www.brunnalm-hoheveitsch.at\/winter\/wp-json\/wp\/v2\/pages"}],"about":[{"href":"https:\/\/www.brunnalm-hoheveitsch.at\/winter\/wp-json\/wp\/v2\/types\/page"}],"author":[{"embeddable":true,"href":"https:\/\/www.brunnalm-hoheveitsch.at\/winter\/wp-json\/wp\/v2\/users\/1"}],"replies":[{"embeddable":true,"href":"https:\/\/www.brunnalm-hoheveitsch.at\/winter\/wp-json\/wp\/v2\/comments?post=5850"}],"version-history":[{"count":0,"href":"https:\/\/www.brunnalm-hoheveitsch.at\/winter\/wp-json\/wp\/v2\/pages\/5850\/revisions"}],"wp:featuredmedia":[{"embeddable":true,"href":"https:\/\/www.brunnalm-hoheveitsch.at\/winter\/wp-json\/wp\/v2\/media\/5664"}],"wp:attachment":[{"href":"https:\/\/www.brunnalm-hoheveitsch.at\/winter\/wp-json\/wp\/v2\/media?parent=5850"}],"curies":[{"name":"wp","href":"https:\/\/api.w.org\/{rel}","templated":true}]}}