{"id":4554,"date":"2022-12-12T21:22:54","date_gmt":"2022-12-12T20:22:54","guid":{"rendered":"https:\/\/www.brunnalm-hoheveitsch.at\/winter\/?page_id=4554"},"modified":"2024-03-06T13:49:53","modified_gmt":"2024-03-06T12:49:53","slug":"parkplatz-preise","status":"publish","type":"page","link":"https:\/\/www.brunnalm-hoheveitsch.at\/winter\/parkplatz-preise\/","title":{"rendered":"Parkplatz"},"content":{"rendered":"\t\t<div data-elementor-type=\"wp-page\" data-elementor-id=\"4554\" class=\"elementor elementor-4554\" data-elementor-post-type=\"page\">\n\t\t\t\t\t\t<section class=\"elementor-section elementor-top-section elementor-element elementor-element-1a93648 elementor-section-boxed elementor-section-height-default elementor-section-height-default\" data-id=\"1a93648\" data-element_type=\"section\">\n\t\t\t\t\t\t<div class=\"elementor-container elementor-column-gap-default\">\n\t\t\t\t\t<div class=\"elementor-column elementor-col-100 elementor-top-column elementor-element elementor-element-5193519\" data-id=\"5193519\" data-element_type=\"column\">\n\t\t\t<div class=\"elementor-widget-wrap elementor-element-populated\">\n\t\t\t\t\t\t<div class=\"elementor-element elementor-element-f67c439 elementor-widget elementor-widget-heading\" data-id=\"f67c439\" data-element_type=\"widget\" data-widget_type=\"heading.default\">\n\t\t\t\t<div class=\"elementor-widget-container\">\n\t\t\t\t\t<h2 class=\"elementor-heading-title elementor-size-default\">Parkplatz Infos<\/h2>\t\t\t\t<\/div>\n\t\t\t\t<\/div>\n\t\t\t\t\t<\/div>\n\t\t<\/div>\n\t\t\t\t\t<\/div>\n\t\t<\/section>\n\t\t\t\t<section class=\"elementor-section elementor-top-section elementor-element elementor-element-f7750e6 elementor-hidden-desktop elementor-hidden-tablet elementor-hidden-mobile elementor-section-boxed elementor-section-height-default elementor-section-height-default\" data-id=\"f7750e6\" data-element_type=\"section\">\n\t\t\t\t\t\t<div class=\"elementor-container elementor-column-gap-default\">\n\t\t\t\t\t<div class=\"elementor-column elementor-col-100 elementor-top-column elementor-element elementor-element-86c002c\" data-id=\"86c002c\" data-element_type=\"column\">\n\t\t\t<div class=\"elementor-widget-wrap elementor-element-populated\">\n\t\t\t\t\t\t<div class=\"elementor-element elementor-element-71c43c0 elementor-widget elementor-widget-heading\" data-id=\"71c43c0\" data-element_type=\"widget\" data-widget_type=\"heading.default\">\n\t\t\t\t<div class=\"elementor-widget-container\">\n\t\t\t\t\t<h2 class=\"elementor-heading-title elementor-size-default\">Parkplatz Ticket Preise<\/h2>\t\t\t\t<\/div>\n\t\t\t\t<\/div>\n\t\t\t\t<div class=\"elementor-element elementor-element-5d138b5 elementor-widget elementor-widget-text-editor\" data-id=\"5d138b5\" data-element_type=\"widget\" data-widget_type=\"text-editor.default\">\n\t\t\t\t<div class=\"elementor-widget-container\">\n\t\t\t\t\t\t\t\t\t<p>F\u00fcr das Abstellen mehrspuriger Kraftfahrzeuge wird ab Dezember 2022 eine Parkgeb\u00fchr erhoben. Als ,,Abstellen&#8220; im Sinne dieser Verordnung gelten das Parken eines Fahrzeuges und das Halten, sofern dies nicht durch die Verkehrslage oder durch sonstige wichtige Umst\u00e4nde bedingt ist.<\/p>\t\t\t\t\t\t\t\t<\/div>\n\t\t\t\t<\/div>\n\t\t\t\t\t<\/div>\n\t\t<\/div>\n\t\t\t\t\t<\/div>\n\t\t<\/section>\n\t\t\t\t<section class=\"elementor-section elementor-top-section elementor-element elementor-element-9c872c3 elementor-hidden-desktop elementor-hidden-tablet elementor-hidden-mobile elementor-section-boxed elementor-section-height-default elementor-section-height-default\" data-id=\"9c872c3\" data-element_type=\"section\">\n\t\t\t\t\t\t<div class=\"elementor-container elementor-column-gap-default\">\n\t\t\t\t\t<div class=\"elementor-column elementor-col-100 elementor-top-column elementor-element elementor-element-2cbeff9\" data-id=\"2cbeff9\" data-element_type=\"column\">\n\t\t\t<div class=\"elementor-widget-wrap elementor-element-populated\">\n\t\t\t\t\t\t<div class=\"elementor-element elementor-element-b71a1ec elementor-widget elementor-widget-heading\" data-id=\"b71a1ec\" data-element_type=\"widget\" data-widget_type=\"heading.default\">\n\t\t\t\t<div class=\"elementor-widget-container\">\n\t\t\t\t\t<h3 class=\"elementor-heading-title elementor-size-default\">Keine Parkgeb\u00fchr bei konsumation in der Gams<\/h3>\t\t\t\t<\/div>\n\t\t\t\t<\/div>\n\t\t\t\t<div class=\"elementor-element elementor-element-a73aabd elementor-widget elementor-widget-text-editor\" data-id=\"a73aabd\" data-element_type=\"widget\" data-widget_type=\"text-editor.default\">\n\t\t\t\t<div class=\"elementor-widget-container\">\n\t\t\t\t\t\t\t\t\t<p>F\u00fcr Besucher die in unserem Gastronomiebetrieb &#8222;<strong>Die Gams<\/strong>&#8220; eine Konsumation t\u00e4tigen, entf\u00e4llt die Parkgeb\u00fchr. Das Parkticket wird in der Gams oder an der Kasse entwertet.<\/p>\t\t\t\t\t\t\t\t<\/div>\n\t\t\t\t<\/div>\n\t\t\t\t<div class=\"elementor-element elementor-element-edb31a5 elementor-widget elementor-widget-heading\" data-id=\"edb31a5\" data-element_type=\"widget\" data-widget_type=\"heading.default\">\n\t\t\t\t<div class=\"elementor-widget-container\">\n\t\t\t\t\t<h3 class=\"elementor-heading-title elementor-size-default\">Parkgeb\u00fchr ist im Skiticket inkludiert<\/h3>\t\t\t\t<\/div>\n\t\t\t\t<\/div>\n\t\t\t\t<div class=\"elementor-element elementor-element-c835986 elementor-widget elementor-widget-text-editor\" data-id=\"c835986\" data-element_type=\"widget\" data-widget_type=\"text-editor.default\">\n\t\t\t\t<div class=\"elementor-widget-container\">\n\t\t\t\t\t\t\t\t\t<p>Besucher die ein Liftticket erworben haben, k\u00f6nnen das Parkticket am selben Tag an der Kasse gegen Vorlage des Ski-Tickets entwerten lassen. Bei Ticketkauf am Automaten kann das Parkticket w\u00e4hrend des Kaufvorgangs entwertet werden.\u00a0<\/p>\t\t\t\t\t\t\t\t<\/div>\n\t\t\t\t<\/div>\n\t\t\t\t<div class=\"elementor-element elementor-element-7d0eede eael-infobox-icon-bg-shape-none eael-infobox-icon-hover-bg-shape-none elementor-widget elementor-widget-eael-info-box\" data-id=\"7d0eede\" data-element_type=\"widget\" data-widget_type=\"eael-info-box.default\">\n\t\t\t\t<div class=\"elementor-widget-container\">\n\t\t\t\t\t        <div class=\"eael-infobox icon-on-left\">\n\t            <div class=\"infobox-icon eael-icon-only\">\n\n            \n                            <div class=\"infobox-icon-wrap\">\n                    <i aria-hidden=\"true\" class=\"far fa-address-card\"><\/i>                <\/div>\n            \n            \n        <\/div>\n            <div class=\"infobox-content eael-icon-only\">\n            <h2 class=\"title\">Saisonkarten<\/h2><div><p>Bei Saisonkarten ist das Parkticket inkludiert. Der Schranke \u00f6ffnet mit der aktivierten Saisonkarte.<\/p><p><span style=\"color: #bf1622;\"><strong>ACHTUNG!<\/strong><\/span> Die Saisonkarte ist erst nach einmaligen Durchgang bei einem Drehkreuz aktiviert.\u00a0Wurde die Saisonkarte im Vorverkauf erworben, muss bei erstmaliger Einfahrt ein normales Parkticket gel\u00f6st werden, die Ausfahrt erfolgt sp\u00e4ter gratis mit aktivierter Saisonkarte.<\/p><\/div>        <\/div>\n            <\/div>\n\n\t\t\t\t\t\t<\/div>\n\t\t\t\t<\/div>\n\t\t\t\t<div class=\"elementor-element elementor-element-7a344bb eael-infobox-icon-bg-shape-none eael-infobox-icon-hover-bg-shape-none elementor-widget elementor-widget-eael-info-box\" data-id=\"7a344bb\" data-element_type=\"widget\" data-widget_type=\"eael-info-box.default\">\n\t\t\t\t<div class=\"elementor-widget-container\">\n\t\t\t\t\t        <div class=\"eael-infobox icon-on-left\">\n\t            <div class=\"infobox-icon eael-icon-only\">\n\n            \n                            <div class=\"infobox-icon-wrap\">\n                    <i aria-hidden=\"true\" class=\"fas fa-mobile\"><\/i>                <\/div>\n            \n            \n        <\/div>\n            <div class=\"infobox-content eael-icon-only\">\n            <h2 class=\"title\">Online Ski Tickets<\/h2><div><p>Bei Online Ski Tickets ist das Parkticket inkludiert.\u00a0<\/p><p><span style=\"color: #bf1622;\"><strong>ACHTUNG!<\/strong><\/span>\u00a0 Bei Einfahrt muss ein normales Parkticket gel\u00f6st werden, die Ausfahrt erfolgt sp\u00e4ter gratis mit dem Ticket oder dem am Automaten entwerteten Parkticket.<\/p><\/div>        <\/div>\n            <\/div>\n\n\t\t\t\t\t\t<\/div>\n\t\t\t\t<\/div>\n\t\t\t\t\t<\/div>\n\t\t<\/div>\n\t\t\t\t\t<\/div>\n\t\t<\/section>\n\t\t\t\t<section class=\"elementor-section elementor-top-section elementor-element elementor-element-c849340 elementor-hidden-desktop elementor-hidden-tablet elementor-hidden-mobile elementor-section-boxed elementor-section-height-default elementor-section-height-default\" data-id=\"c849340\" data-element_type=\"section\">\n\t\t\t\t\t\t<div class=\"elementor-container elementor-column-gap-default\">\n\t\t\t\t\t<div class=\"elementor-column elementor-col-100 elementor-top-column elementor-element elementor-element-e37d98f\" data-id=\"e37d98f\" data-element_type=\"column\">\n\t\t\t<div class=\"elementor-widget-wrap elementor-element-populated\">\n\t\t\t\t\t\t<div class=\"elementor-element elementor-element-34df60e elementor-widget elementor-widget-heading\" data-id=\"34df60e\" data-element_type=\"widget\" data-widget_type=\"heading.default\">\n\t\t\t\t<div class=\"elementor-widget-container\">\n\t\t\t\t\t<h3 class=\"elementor-heading-title elementor-size-default\">Parkgeb\u00fchr OHNE SKITICKET<\/h3>\t\t\t\t<\/div>\n\t\t\t\t<\/div>\n\t\t\t\t\t<\/div>\n\t\t<\/div>\n\t\t\t\t\t<\/div>\n\t\t<\/section>\n\t\t\t\t<section class=\"elementor-section elementor-top-section elementor-element elementor-element-1aa3777 elementor-hidden-desktop elementor-hidden-tablet elementor-hidden-mobile elementor-section-boxed elementor-section-height-default elementor-section-height-default\" data-id=\"1aa3777\" data-element_type=\"section\">\n\t\t\t\t\t\t<div class=\"elementor-container elementor-column-gap-default\">\n\t\t\t\t\t<div class=\"elementor-column elementor-col-100 elementor-top-column elementor-element elementor-element-6f20a67\" data-id=\"6f20a67\" data-element_type=\"column\">\n\t\t\t<div class=\"elementor-widget-wrap elementor-element-populated\">\n\t\t\t\t\t\t<div class=\"elementor-element elementor-element-0c2eb26 elementor-widget elementor-widget-text-editor\" data-id=\"0c2eb26\" data-element_type=\"widget\" data-widget_type=\"text-editor.default\">\n\t\t\t\t<div class=\"elementor-widget-container\">\n\t\t\t\t\t\t\t\t\t<table id=\"MainTable\"><tbody><tr><td data-label=\"Parkdauer\">bei Ausfahrt innerhalb einer Stunde<\/td><td data-label=\"Preis\">Gratis<\/td><\/tr><tr><td data-label=\"Parkdauer\">jede weitere Stunde<\/td><td data-label=\"Preis\">\u20ac 2,50<\/td><\/tr><tr><td data-label=\"Parkdauer\">max. Tagestarif<\/td><td data-label=\"Preis\">\u20ac 10,00<\/td><\/tr><tr><td data-label=\"Parkdauer\">jeder weitere Tag<\/td><td data-label=\"Preis\">\u20ac 10,00<\/td><\/tr><\/tbody><\/table>\t\t\t\t\t\t\t\t<\/div>\n\t\t\t\t<\/div>\n\t\t\t\t\t<\/div>\n\t\t<\/div>\n\t\t\t\t\t<\/div>\n\t\t<\/section>\n\t\t\t\t<section class=\"elementor-section elementor-top-section elementor-element elementor-element-c90a034 elementor-hidden-desktop elementor-hidden-tablet elementor-hidden-mobile elementor-section-boxed elementor-section-height-default elementor-section-height-default\" data-id=\"c90a034\" data-element_type=\"section\">\n\t\t\t\t\t\t<div class=\"elementor-container elementor-column-gap-default\">\n\t\t\t\t\t<div class=\"elementor-column elementor-col-100 elementor-top-column elementor-element elementor-element-ae8484e\" data-id=\"ae8484e\" data-element_type=\"column\">\n\t\t\t<div class=\"elementor-widget-wrap elementor-element-populated\">\n\t\t\t\t\t\t<div class=\"elementor-element elementor-element-4bccabb elementor-widget elementor-widget-heading\" data-id=\"4bccabb\" data-element_type=\"widget\" data-widget_type=\"heading.default\">\n\t\t\t\t<div class=\"elementor-widget-container\">\n\t\t\t\t\t<h3 class=\"elementor-heading-title elementor-size-default\">Entrichtung der Parkgeb\u00fchr<\/h3>\t\t\t\t<\/div>\n\t\t\t\t<\/div>\n\t\t\t\t<div class=\"elementor-element elementor-element-c669cfa elementor-widget elementor-widget-text-editor\" data-id=\"c669cfa\" data-element_type=\"widget\" data-widget_type=\"text-editor.default\">\n\t\t\t\t<div class=\"elementor-widget-container\">\n\t\t\t\t\t\t\t\t\t<p>Die Entrichtung der Parkgeb\u00fchr unter Verwendung von Parkscheinautomaten erfolgt durch Bezahlen der Abstelldauer entsprechenden Geldbetrages am Automaten oder an der Liftkasse. Der vom Automaten oder der Kasse ausgedruckte Parkschein ist deutlich sichtbar an der Windschutzscheibe oder, sofern eine solche nicht vorhanden ist, an anderer geeigneter Stelle im Frontbereich des mehrspurigen Kraftfahrzeuges anzubringen.<\/p>\t\t\t\t\t\t\t\t<\/div>\n\t\t\t\t<\/div>\n\t\t\t\t\t<\/div>\n\t\t<\/div>\n\t\t\t\t\t<\/div>\n\t\t<\/section>\n\t\t\t\t<section class=\"elementor-section elementor-top-section elementor-element elementor-element-ea47009 elementor-hidden-desktop elementor-hidden-tablet elementor-hidden-mobile elementor-section-boxed elementor-section-height-default elementor-section-height-default\" data-id=\"ea47009\" data-element_type=\"section\">\n\t\t\t\t\t\t<div class=\"elementor-container elementor-column-gap-default\">\n\t\t\t\t\t<div class=\"elementor-column elementor-col-100 elementor-top-column elementor-element elementor-element-a478f4d\" data-id=\"a478f4d\" data-element_type=\"column\">\n\t\t\t<div class=\"elementor-widget-wrap elementor-element-populated\">\n\t\t\t\t\t\t<div class=\"elementor-element elementor-element-8dcca65 elementor-widget elementor-widget-heading\" data-id=\"8dcca65\" data-element_type=\"widget\" data-widget_type=\"heading.default\">\n\t\t\t\t<div class=\"elementor-widget-container\">\n\t\t\t\t\t<h3 class=\"elementor-heading-title elementor-size-default\">Parkgeb\u00fchren Ausnahmen<\/h3>\t\t\t\t<\/div>\n\t\t\t\t<\/div>\n\t\t\t\t<div class=\"elementor-element elementor-element-7ef8e54 elementor-widget elementor-widget-text-editor\" data-id=\"7ef8e54\" data-element_type=\"widget\" data-widget_type=\"text-editor.default\">\n\t\t\t\t<div class=\"elementor-widget-container\">\n\t\t\t\t\t\t\t\t\t<p>Die Parkgeb\u00fchr sind nicht zu entrichten f\u00fcr:<\/p><ul><li>Einsatzfahrzeuge und Fahrzeuge im \u00f6ffentlichen Dienst gem\u00e4\u00df \u00a7\u00a7 26 und 26a StVO 1960;<\/li><li>Fahrzeuge des Stra\u00dfendienstes und der M\u00fcllabfuhr gem\u00e4\u00df \u00a7 27 StVO 1960;<\/li><li>Fahrzeuge, die von \u00c4rzten bzw. \u00c4rztinnen bei einer Fahrt zur Leistung \u00e4rztlicher Hilfe gelenkt werden, sofern sie beim Abstellen mit einer Tafel gem\u00e4\u00df \u00a7 24 Abs. 5 StVO 1960 gekennzeichnet sind;<\/li><li>Fahrzeuge, die von Personen im diplomierten ambulanten Pflegedienst bei einer Fahrt zur Durchf\u00fchrung solcher Pflege gelenkt werden, sofern sie beim Abstellen mit einer Tafel gem\u00e4\u00df \u00a7 24 Abs. 5a StVO 1960 gekennzeichnet sind;<\/li><li>Fahrzeuge, die von Inhabern und Inhaberinnen eines Behindertenpasses nach dem Bundesbehindertengesetz, BGBI. Nr. 283\/1990, die \u00fcber die Zusatzeintragung, Unzumutbarkeit der Ben\u00fctzung \u00f6ffentlicher Verkehrsmittel wegen dauerhafter MobiIit\u00e4tseinschr\u00e4nkung aufgrund einer Behinderung&#8220; verf\u00fcgen, abgestellt werden oder in denen solche Personen gem\u00e4\u00df Ei 29b Abs. 3 StVO 1960 bef\u00f6rdert werden, wenn die Fahrzeuge mit dem Ausweis gem\u00e4\u00df \u00a7 29b Abs. 1 oder 5 StVO 1960 gekennzeichnet sind;<\/li><li>Fahrzeuge, die f\u00fcr den Bund, eine andere Gebietsk\u00f6rperschaft oder einen Gemeindeverband zugelassen sind, ausgenommen Personenkraftwagen;<\/li><li>Fahrzeuge, die Lediglich zum Zwecke des Aus- und Einsteigens von Personen oder f\u00fcr die Dauer der Durchf\u00fchrung einer Ladet\u00e4tigkeit halten<\/li><\/ul>\t\t\t\t\t\t\t\t<\/div>\n\t\t\t\t<\/div>\n\t\t\t\t\t<\/div>\n\t\t<\/div>\n\t\t\t\t\t<\/div>\n\t\t<\/section>\n\t\t\t\t<section class=\"elementor-section elementor-top-section elementor-element elementor-element-7fd2dca elementor-section-boxed elementor-section-height-default elementor-section-height-default\" data-id=\"7fd2dca\" data-element_type=\"section\">\n\t\t\t\t\t\t<div class=\"elementor-container elementor-column-gap-default\">\n\t\t\t\t\t<div class=\"elementor-column elementor-col-100 elementor-top-column elementor-element elementor-element-410efc7\" data-id=\"410efc7\" data-element_type=\"column\">\n\t\t\t<div class=\"elementor-widget-wrap elementor-element-populated\">\n\t\t\t\t\t\t<div class=\"elementor-element elementor-element-c91a3d2 eael-infobox-icon-bg-shape-none eael-infobox-icon-hover-bg-shape-none elementor-widget elementor-widget-eael-info-box\" data-id=\"c91a3d2\" data-element_type=\"widget\" data-widget_type=\"eael-info-box.default\">\n\t\t\t\t<div class=\"elementor-widget-container\">\n\t\t\t\t\t        <div class=\"eael-infobox icon-on-left\">\n\t            <div class=\"infobox-icon eael-icon-only\">\n\n            \n                            <div class=\"infobox-icon-wrap\">\n                    <i aria-hidden=\"true\" class=\"fas fa-wheelchair\"><\/i>                <\/div>\n            \n            \n        <\/div>\n            <div class=\"infobox-content eael-icon-only\">\n            <h2 class=\"title\">Barrierefreier Parkplatz<\/h2><div><p>Personen mit Berechtigung zum Parken auf Behindertenparkpl\u00e4tzen empfehlen wir, die eigens f\u00fcr sie vorgesehenen Parkpl\u00e4tze vor dem Geb\u00e4ude zu benutzen.<\/p><\/div>        <\/div>\n            <\/div>\n\n\t\t\t\t\t\t<\/div>\n\t\t\t\t<\/div>\n\t\t\t\t\t<\/div>\n\t\t<\/div>\n\t\t\t\t\t<\/div>\n\t\t<\/section>\n\t\t\t\t<section class=\"elementor-section elementor-top-section elementor-element elementor-element-0b315b7 elementor-section-boxed elementor-section-height-default elementor-section-height-default\" data-id=\"0b315b7\" data-element_type=\"section\">\n\t\t\t\t\t\t<div class=\"elementor-container elementor-column-gap-default\">\n\t\t\t\t\t<div class=\"elementor-column elementor-col-100 elementor-top-column elementor-element elementor-element-e67d979\" data-id=\"e67d979\" data-element_type=\"column\">\n\t\t\t<div class=\"elementor-widget-wrap elementor-element-populated\">\n\t\t\t\t\t\t<div class=\"elementor-element elementor-element-99632ce eael-infobox-icon-bg-shape-none eael-infobox-icon-hover-bg-shape-none elementor-widget elementor-widget-eael-info-box\" data-id=\"99632ce\" data-element_type=\"widget\" data-widget_type=\"eael-info-box.default\">\n\t\t\t\t<div class=\"elementor-widget-container\">\n\t\t\t\t\t        <div class=\"eael-infobox icon-on-left\">\n\t            <div class=\"infobox-icon eael-icon-only\">\n\n            \n                            <div class=\"infobox-icon-wrap\">\n                    <i aria-hidden=\"true\" class=\"fas fa-plug\"><\/i>                <\/div>\n            \n            \n        <\/div>\n            <div class=\"infobox-content eael-icon-only\">\n            <h2 class=\"title\">E-Parkplatz mit Ladestation<\/h2><div><p>F\u00fcr E-Autos befinden sich 4 Aufladestationen mit einer maximalen Leistung von 20kw am Parkplatz.<\/p><\/div>        <\/div>\n            <\/div>\n\n\t\t\t\t\t\t<\/div>\n\t\t\t\t<\/div>\n\t\t\t\t\t<\/div>\n\t\t<\/div>\n\t\t\t\t\t<\/div>\n\t\t<\/section>\n\t\t\t\t<\/div>\n\t\t","protected":false},"excerpt":{"rendered":"<p>Parkplatz Infos Parkplatz Ticket Preise F\u00fcr das Abstellen mehrspuriger Kraftfahrzeuge wird ab Dezember 2022 eine Parkgeb\u00fchr erhoben. Als ,,Abstellen&#8220; im Sinne dieser Verordnung gelten das Parken eines Fahrzeuges und das Halten, sofern dies nicht durch die Verkehrslage oder durch sonstige wichtige Umst\u00e4nde bedingt ist. Keine Parkgeb\u00fchr bei konsumation in der Gams F\u00fcr Besucher die in<br \/><a class=\"moretag\" href=\"https:\/\/www.brunnalm-hoheveitsch.at\/winter\/parkplatz-preise\/\">+ Read More<\/a><\/p>\n","protected":false},"author":1,"featured_media":4783,"parent":0,"menu_order":0,"comment_status":"closed","ping_status":"closed","template":"templates\/page-fullwidth_template.php","meta":{"_acf_changed":false,"footnotes":"","_links_to":"","_links_to_target":""},"class_list":["post-4554","page","type-page","status-publish","has-post-thumbnail","hentry"],"acf":[],"publishpress_future_workflow_manual_trigger":{"enabledWorkflows":[]},"_links":{"self":[{"href":"https:\/\/www.brunnalm-hoheveitsch.at\/winter\/wp-json\/wp\/v2\/pages\/4554","targetHints":{"allow":["GET"]}}],"collection":[{"href":"https:\/\/www.brunnalm-hoheveitsch.at\/winter\/wp-json\/wp\/v2\/pages"}],"about":[{"href":"https:\/\/www.brunnalm-hoheveitsch.at\/winter\/wp-json\/wp\/v2\/types\/page"}],"author":[{"embeddable":true,"href":"https:\/\/www.brunnalm-hoheveitsch.at\/winter\/wp-json\/wp\/v2\/users\/1"}],"replies":[{"embeddable":true,"href":"https:\/\/www.brunnalm-hoheveitsch.at\/winter\/wp-json\/wp\/v2\/comments?post=4554"}],"version-history":[{"count":0,"href":"https:\/\/www.brunnalm-hoheveitsch.at\/winter\/wp-json\/wp\/v2\/pages\/4554\/revisions"}],"wp:featuredmedia":[{"embeddable":true,"href":"https:\/\/www.brunnalm-hoheveitsch.at\/winter\/wp-json\/wp\/v2\/media\/4783"}],"wp:attachment":[{"href":"https:\/\/www.brunnalm-hoheveitsch.at\/winter\/wp-json\/wp\/v2\/media?parent=4554"}],"curies":[{"name":"wp","href":"https:\/\/api.w.org\/{rel}","templated":true}]}}