{"id":917,"date":"2023-04-02T15:29:26","date_gmt":"2023-04-02T13:29:26","guid":{"rendered":"https:\/\/www.brunnalm-hoheveitsch.at\/sommer\/?page_id=917"},"modified":"2023-04-02T15:31:22","modified_gmt":"2023-04-02T13:31:22","slug":"reservierung-die-gams","status":"publish","type":"page","link":"https:\/\/www.brunnalm-hoheveitsch.at\/sommer\/reservierung-die-gams\/","title":{"rendered":"Reservierung &#8211; Die Gams"},"content":{"rendered":"\t\t<div data-elementor-type=\"wp-page\" data-elementor-id=\"917\" class=\"elementor elementor-917\" data-elementor-post-type=\"page\">\n\t\t\t\t\t\t<section class=\"elementor-section elementor-top-section elementor-element elementor-element-a74210d elementor-section-boxed elementor-section-height-default elementor-section-height-default\" data-id=\"a74210d\" data-element_type=\"section\" data-settings=\"{&quot;background_background&quot;:&quot;classic&quot;}\">\n\t\t\t\t\t\t<div class=\"elementor-container elementor-column-gap-default\">\n\t\t\t\t\t<div class=\"elementor-column elementor-col-100 elementor-top-column elementor-element elementor-element-9b6c301\" data-id=\"9b6c301\" data-element_type=\"column\" data-settings=\"{&quot;background_background&quot;:&quot;classic&quot;}\">\n\t\t\t<div class=\"elementor-widget-wrap elementor-element-populated\">\n\t\t\t\t\t\t<div class=\"elementor-element elementor-element-4108a8f elementor-widget elementor-widget-heading\" data-id=\"4108a8f\" data-element_type=\"widget\" data-widget_type=\"heading.default\">\n\t\t\t\t<div class=\"elementor-widget-container\">\n\t\t\t\t\t<h2 class=\"elementor-heading-title elementor-size-default\">Reservierungsanfrage f\u00fcr die Gams<\/h2>\t\t\t\t<\/div>\n\t\t\t\t<\/div>\n\t\t\t\t<div class=\"elementor-element elementor-element-fa0d384 elementor-widget elementor-widget-text-editor\" data-id=\"fa0d384\" data-element_type=\"widget\" data-widget_type=\"text-editor.default\">\n\t\t\t\t<div class=\"elementor-widget-container\">\n\t\t\t\t\t\t\t\t\t<p style=\"text-align: center;\">Damit wir uns m\u00f6glichst bald mit Ihnen in Verbindung setzen k\u00f6nnen, ersuchen wir Sie um folgende Angaben.<\/p>\t\t\t\t\t\t\t\t<\/div>\n\t\t\t\t<\/div>\n\t\t\t\t<div class=\"elementor-element elementor-element-a7afb03 elementor-widget elementor-widget-text-editor\" data-id=\"a7afb03\" data-element_type=\"widget\" data-widget_type=\"text-editor.default\">\n\t\t\t\t<div class=\"elementor-widget-container\">\n\t\t\t\t\t\t\t\t\t<p>[Form id=&#8220;10&#8243;]<\/p>\t\t\t\t\t\t\t\t<\/div>\n\t\t\t\t<\/div>\n\t\t\t\t\t<\/div>\n\t\t<\/div>\n\t\t\t\t\t<\/div>\n\t\t<\/section>\n\t\t\t\t<\/div>\n\t\t","protected":false},"excerpt":{"rendered":"<p>Reservierungsanfrage f\u00fcr die Gams Damit wir uns m\u00f6glichst bald mit Ihnen in Verbindung setzen k\u00f6nnen, ersuchen wir Sie um folgende Angaben. [Form id=&#8220;10&#8243;]<\/p>\n","protected":false},"author":1,"featured_media":839,"parent":0,"menu_order":0,"comment_status":"closed","ping_status":"closed","template":"templates\/page-fullwidth_template.php","meta":{"_acf_changed":false,"footnotes":"","_links_to":"","_links_to_target":""},"class_list":["post-917","page","type-page","status-publish","has-post-thumbnail","hentry"],"acf":[],"publishpress_future_action":{"enabled":false,"date":"2026-05-09 18:05:47","action":"change-status","newStatus":"draft","terms":[],"taxonomy":""},"publishpress_future_workflow_manual_trigger":{"enabledWorkflows":[]},"_links":{"self":[{"href":"https:\/\/www.brunnalm-hoheveitsch.at\/sommer\/wp-json\/wp\/v2\/pages\/917","targetHints":{"allow":["GET"]}}],"collection":[{"href":"https:\/\/www.brunnalm-hoheveitsch.at\/sommer\/wp-json\/wp\/v2\/pages"}],"about":[{"href":"https:\/\/www.brunnalm-hoheveitsch.at\/sommer\/wp-json\/wp\/v2\/types\/page"}],"author":[{"embeddable":true,"href":"https:\/\/www.brunnalm-hoheveitsch.at\/sommer\/wp-json\/wp\/v2\/users\/1"}],"replies":[{"embeddable":true,"href":"https:\/\/www.brunnalm-hoheveitsch.at\/sommer\/wp-json\/wp\/v2\/comments?post=917"}],"version-history":[{"count":0,"href":"https:\/\/www.brunnalm-hoheveitsch.at\/sommer\/wp-json\/wp\/v2\/pages\/917\/revisions"}],"wp:featuredmedia":[{"embeddable":true,"href":"https:\/\/www.brunnalm-hoheveitsch.at\/sommer\/wp-json\/wp\/v2\/media\/839"}],"wp:attachment":[{"href":"https:\/\/www.brunnalm-hoheveitsch.at\/sommer\/wp-json\/wp\/v2\/media?parent=917"}],"curies":[{"name":"wp","href":"https:\/\/api.w.org\/{rel}","templated":true}]}}