{"id":869,"date":"2023-04-01T22:03:20","date_gmt":"2023-04-01T20:03:20","guid":{"rendered":"https:\/\/www.brunnalm-hoheveitsch.at\/sommer\/?page_id=869"},"modified":"2024-04-23T19:52:21","modified_gmt":"2024-04-23T17:52:21","slug":"feiern-in-der-gams","status":"publish","type":"page","link":"https:\/\/www.brunnalm-hoheveitsch.at\/sommer\/feiern-in-der-gams\/","title":{"rendered":"Feiern in der Gams"},"content":{"rendered":"\t\t<div data-elementor-type=\"wp-page\" data-elementor-id=\"869\" class=\"elementor elementor-869\" data-elementor-post-type=\"page\">\n\t\t\t\t\t\t<section class=\"elementor-section elementor-top-section elementor-element elementor-element-4741b71 elementor-section-boxed elementor-section-height-default elementor-section-height-default\" data-id=\"4741b71\" data-element_type=\"section\">\n\t\t\t\t\t\t<div class=\"elementor-container elementor-column-gap-default\">\n\t\t\t\t\t<div class=\"elementor-column elementor-col-100 elementor-top-column elementor-element elementor-element-afd19d7\" data-id=\"afd19d7\" data-element_type=\"column\">\n\t\t\t<div class=\"elementor-widget-wrap elementor-element-populated\">\n\t\t\t\t\t\t<div class=\"elementor-element elementor-element-32231db elementor-widget elementor-widget-heading\" data-id=\"32231db\" data-element_type=\"widget\" data-widget_type=\"heading.default\">\n\t\t\t\t<div class=\"elementor-widget-container\">\n\t\t\t\t\t<h2 class=\"elementor-heading-title elementor-size-default\">Feiern in der \"Gams\"<\/h2>\t\t\t\t<\/div>\n\t\t\t\t<\/div>\n\t\t\t\t\t<\/div>\n\t\t<\/div>\n\t\t\t\t\t<\/div>\n\t\t<\/section>\n\t\t\t\t<section class=\"elementor-section elementor-top-section elementor-element elementor-element-e3a7e5c elementor-section-boxed elementor-section-height-default elementor-section-height-default\" data-id=\"e3a7e5c\" data-element_type=\"section\">\n\t\t\t\t\t\t<div class=\"elementor-container elementor-column-gap-default\">\n\t\t\t\t\t<div class=\"elementor-column elementor-col-50 elementor-top-column elementor-element elementor-element-84c6cca\" data-id=\"84c6cca\" data-element_type=\"column\">\n\t\t\t<div class=\"elementor-widget-wrap elementor-element-populated\">\n\t\t\t\t\t\t<div class=\"elementor-element elementor-element-afd5859 elementor-widget elementor-widget-text-editor\" data-id=\"afd5859\" data-element_type=\"widget\" data-widget_type=\"text-editor.default\">\n\t\t\t\t<div class=\"elementor-widget-container\">\n\t\t\t\t\t\t\t\t\t<p><strong>Wir machen eure Veranstaltung unvergesslich!<\/strong><\/p><p>Ob Geburtstage, Hochzeiten, Seminare, Firmenveranstaltungen oder private Feiern \u2013 die &#8222;Gams&#8220; steht euch nat\u00fcrlich auch au\u00dferhalb der regul\u00e4ren \u00d6ffnungszeiten zur Verf\u00fcgung. Gerne erstellen wir gemeinsam mit euch ein individuelles Angebot.<\/p>\t\t\t\t\t\t\t\t<\/div>\n\t\t\t\t<\/div>\n\t\t\t\t\t<\/div>\n\t\t<\/div>\n\t\t\t\t<div class=\"elementor-column elementor-col-50 elementor-top-column elementor-element elementor-element-dae0c1e\" data-id=\"dae0c1e\" data-element_type=\"column\" data-settings=\"{&quot;background_background&quot;:&quot;classic&quot;}\">\n\t\t\t<div class=\"elementor-widget-wrap elementor-element-populated\">\n\t\t\t\t\t\t<div class=\"elementor-element elementor-element-2a1ac05 elementor-widget elementor-widget-text-editor\" data-id=\"2a1ac05\" data-element_type=\"widget\" data-widget_type=\"text-editor.default\">\n\t\t\t\t<div class=\"elementor-widget-container\">\n\t\t\t\t\t\t\t\t\t<p>Sie m\u00f6chten Ihre Feier bei uns veranstalten?<\/p>\t\t\t\t\t\t\t\t<\/div>\n\t\t\t\t<\/div>\n\t\t\t\t<div class=\"elementor-element elementor-element-b469d57 elementor-widget elementor-widget-text-editor\" data-id=\"b469d57\" data-element_type=\"widget\" data-widget_type=\"text-editor.default\">\n\t\t\t\t<div class=\"elementor-widget-container\">\n\t\t\t\t\t\t\t\t\t<p><strong>Anmeldung <a href=\"tel:+436769416151\" target=\"_blank\" rel=\"noopener\">telefonisch<\/a>, via <a href=\"mailto:gastro@brunnalm-hoheveitsch.at\" target=\"_blank\" rel=\"noopener\">e-Mail<\/a> oder \u00fcber unsere <a href=\"https:\/\/www.brunnalm-hoheveitsch.at\/sommer\/reservierung-feiern-in-der-gams\/\" target=\"_blank\" rel=\"noopener\">Online Reservierung<\/a> erforderlich.<\/strong><\/p>\t\t\t\t\t\t\t\t<\/div>\n\t\t\t\t<\/div>\n\t\t\t\t<div class=\"elementor-element elementor-element-0df451f elementor-align-center elementor-widget elementor-widget-button\" data-id=\"0df451f\" data-element_type=\"widget\" data-widget_type=\"button.default\">\n\t\t\t\t<div class=\"elementor-widget-container\">\n\t\t\t\t\t\t\t\t\t<div class=\"elementor-button-wrapper\">\n\t\t\t\t\t<a class=\"elementor-button elementor-button-link elementor-size-md\" href=\"https:\/\/www.brunnalm-hoheveitsch.at\/sommer\/reservierung-feiern-in-der-gams\/\" target=\"_blank\">\n\t\t\t\t\t\t<span class=\"elementor-button-content-wrapper\">\n\t\t\t\t\t\t\t\t\t<span class=\"elementor-button-text\">Online Reservierung<\/span>\n\t\t\t\t\t<\/span>\n\t\t\t\t\t<\/a>\n\t\t\t\t<\/div>\n\t\t\t\t\t\t\t\t<\/div>\n\t\t\t\t<\/div>\n\t\t\t\t<div class=\"elementor-element elementor-element-6f912a5 elementor-widget elementor-widget-text-editor\" data-id=\"6f912a5\" data-element_type=\"widget\" data-widget_type=\"text-editor.default\">\n\t\t\t\t<div class=\"elementor-widget-container\">\n\t\t\t\t\t\t\t\t\t<p>*Preise gelten nur nach Anmeldung und Best\u00e4tigung per E-Mail durch die Freizeitbetriebe Veitsch GmbH.<\/p>\t\t\t\t\t\t\t\t<\/div>\n\t\t\t\t<\/div>\n\t\t\t\t\t<\/div>\n\t\t<\/div>\n\t\t\t\t\t<\/div>\n\t\t<\/section>\n\t\t\t\t<\/div>\n\t\t","protected":false},"excerpt":{"rendered":"<p>Feiern in der &#8222;Gams&#8220; Wir machen eure Veranstaltung unvergesslich! Ob Geburtstage, Hochzeiten, Seminare, Firmenveranstaltungen oder private Feiern \u2013 die &#8222;Gams&#8220; steht euch nat\u00fcrlich auch au\u00dferhalb der regul\u00e4ren \u00d6ffnungszeiten zur Verf\u00fcgung. Gerne erstellen wir gemeinsam mit euch ein individuelles Angebot. Sie m\u00f6chten Ihre Feier bei uns veranstalten? Anmeldung telefonisch, via e-Mail oder \u00fcber unsere Online Reservierung<br \/><a class=\"moretag\" href=\"https:\/\/www.brunnalm-hoheveitsch.at\/sommer\/feiern-in-der-gams\/\">+ Read More<\/a><\/p>\n","protected":false},"author":1,"featured_media":839,"parent":0,"menu_order":0,"comment_status":"closed","ping_status":"closed","template":"templates\/page-fullwidth_template.php","meta":{"_acf_changed":false,"footnotes":"","_links_to":"","_links_to_target":""},"class_list":["post-869","page","type-page","status-publish","has-post-thumbnail","hentry"],"acf":[],"publishpress_future_action":{"enabled":false,"date":"2026-04-20 13:11:42","action":"change-status","newStatus":"draft","terms":[],"taxonomy":""},"publishpress_future_workflow_manual_trigger":{"enabledWorkflows":[]},"_links":{"self":[{"href":"https:\/\/www.brunnalm-hoheveitsch.at\/sommer\/wp-json\/wp\/v2\/pages\/869","targetHints":{"allow":["GET"]}}],"collection":[{"href":"https:\/\/www.brunnalm-hoheveitsch.at\/sommer\/wp-json\/wp\/v2\/pages"}],"about":[{"href":"https:\/\/www.brunnalm-hoheveitsch.at\/sommer\/wp-json\/wp\/v2\/types\/page"}],"author":[{"embeddable":true,"href":"https:\/\/www.brunnalm-hoheveitsch.at\/sommer\/wp-json\/wp\/v2\/users\/1"}],"replies":[{"embeddable":true,"href":"https:\/\/www.brunnalm-hoheveitsch.at\/sommer\/wp-json\/wp\/v2\/comments?post=869"}],"version-history":[{"count":0,"href":"https:\/\/www.brunnalm-hoheveitsch.at\/sommer\/wp-json\/wp\/v2\/pages\/869\/revisions"}],"wp:featuredmedia":[{"embeddable":true,"href":"https:\/\/www.brunnalm-hoheveitsch.at\/sommer\/wp-json\/wp\/v2\/media\/839"}],"wp:attachment":[{"href":"https:\/\/www.brunnalm-hoheveitsch.at\/sommer\/wp-json\/wp\/v2\/media?parent=869"}],"curies":[{"name":"wp","href":"https:\/\/api.w.org\/{rel}","templated":true}]}}