{"id":3521,"date":"2025-08-14T08:59:20","date_gmt":"2025-08-14T06:59:20","guid":{"rendered":"https:\/\/www.brunnalm-hoheveitsch.at\/sommer\/?page_id=3521"},"modified":"2025-08-14T09:01:08","modified_gmt":"2025-08-14T07:01:08","slug":"fotoaufnahmen","status":"publish","type":"page","link":"https:\/\/www.brunnalm-hoheveitsch.at\/sommer\/fotoaufnahmen\/","title":{"rendered":"Foto und Videoaufnahmen"},"content":{"rendered":"\t\t<div data-elementor-type=\"wp-page\" data-elementor-id=\"3521\" class=\"elementor elementor-3521\" data-elementor-post-type=\"page\">\n\t\t\t\t\t\t<section class=\"elementor-section elementor-top-section elementor-element elementor-element-0f1805c elementor-section-boxed elementor-section-height-default elementor-section-height-default\" data-id=\"0f1805c\" data-element_type=\"section\">\n\t\t\t\t\t\t<div class=\"elementor-container elementor-column-gap-default\">\n\t\t\t\t\t<div class=\"elementor-column elementor-col-100 elementor-top-column elementor-element elementor-element-8bd526b\" data-id=\"8bd526b\" data-element_type=\"column\">\n\t\t\t<div class=\"elementor-widget-wrap elementor-element-populated\">\n\t\t\t\t\t\t<div class=\"elementor-element elementor-element-638599c elementor-widget elementor-widget-heading\" data-id=\"638599c\" data-element_type=\"widget\" data-widget_type=\"heading.default\">\n\t\t\t\t<div class=\"elementor-widget-container\">\n\t\t\t\t\t<h2 class=\"elementor-heading-title elementor-size-default\">Foto und Videoaufnahmen<\/h2>\t\t\t\t<\/div>\n\t\t\t\t<\/div>\n\t\t\t\t<div class=\"elementor-element elementor-element-3d26c6c elementor-widget elementor-widget-text-editor\" data-id=\"3d26c6c\" data-element_type=\"widget\" data-widget_type=\"text-editor.default\">\n\t\t\t\t<div class=\"elementor-widget-container\">\n\t\t\t\t\t\t\t\t\t<p class=\"x_x_MsoNormal\">Im Rahmen unseres Angebots werden auf dem gesamten Gel\u00e4nde sowie bei Veranstaltungen und Aktivit\u00e4ten regelm\u00e4\u00dfig Foto- und Videoaufnahmen erstellt, die auch G\u00e4ste zeigen k\u00f6nnen.<\/p><p class=\"x_x_MsoNormal\"><strong>1. Aufnahmen von Erwachsenen<\/strong><\/p><p class=\"x_x_MsoNormal\">Rechtsgrundlage ist unser berechtigtes Interesse gem\u00e4\u00df Art. 6 Abs. 1 lit. f DSGVO an der Dokumentation und Bewerbung unseres Angebots. Die Aufnahmen k\u00f6nnen zu Werbe- und Informationszwecken ohne zeitliche oder r\u00e4umliche Beschr\u00e4nkung genutzt werden, insbesondere auf unserer Website, in sozialen Medien, in Drucksorten und in sonstigen Publikationen. Sollten Sie nicht fotografiert oder gefilmt werden wollen, teilen Sie dies bitte vor Ort unserem Personal mit. Wir werden in diesem Fall versuchen, Sie nicht oder nur unkenntlich darzustellen.<\/p><p class=\"x_x_MsoNormal\"><strong>2. Aufnahmen von Kindern und Jugendlichen unter 18 Jahren<\/strong><\/p><p class=\"x_x_MsoNormal\">F\u00fcr Aufnahmen von Minderj\u00e4hrigen ist immer die vorherige, ausdr\u00fcckliche und schriftliche Einwilligung der Erziehungsberechtigten erforderlich (Art. 6 Abs. 1 lit. a DSGVO). Ohne diese Einwilligung werden keine erkennbaren Bilder oder Videos des Kindes erstellt oder ver\u00f6ffentlicht. Die Einwilligung kann jederzeit mit Wirkung f\u00fcr die Zukunft widerrufen werden.<\/p><p class=\"x_x_MsoNormal\">Im Fall eines Widerrufs werden die entsprechenden Aufnahmen, soweit technisch m\u00f6glich, gel\u00f6scht oder unkenntlich gemacht.<\/p><p class=\"x_x_MsoNormal\"><strong>3. Ihre Rechte<\/strong><\/p><p class=\"x_x_MsoNormal\">Sie haben das Recht, aus Gr\u00fcnden, die sich aus Ihrer besonderen Situation ergeben, jederzeit gegen die Verarbeitung Sie betreffender personenbezogener Daten Widerspruch einzulegen (Art. 21 DSGVO). Ebenso k\u00f6nnen Sie erteilte Einwilligungen jederzeit widerrufen.<\/p><p class=\"x_x_MsoNormal\">Bitte richten Sie Ihren Widerspruch oder Widerruf sowie alle Fragen zum Datenschutz an:<\/p><p class=\"x_x_MsoNormal\">Oliver Freund, MBA<br \/>Gesch\u00e4ftsf\u00fchrer<br \/>Freizeitbetriebe Veitsch GmbH<br \/>Brunnalm 1<br \/>8664 Sankt Barbara<\/p><p class=\"x_x_MsoNormal\"><a title=\"mailto:office@freizeitbetrieb.com\" href=\"mailto:office@freizeitbetrieb.com\">office@freizeitbetrieb.com<\/a><\/p>\t\t\t\t\t\t\t\t<\/div>\n\t\t\t\t<\/div>\n\t\t\t\t\t<\/div>\n\t\t<\/div>\n\t\t\t\t\t<\/div>\n\t\t<\/section>\n\t\t\t\t<\/div>\n\t\t","protected":false},"excerpt":{"rendered":"<p>Foto und Videoaufnahmen Im Rahmen unseres Angebots werden auf dem gesamten Gel\u00e4nde sowie bei Veranstaltungen und Aktivit\u00e4ten regelm\u00e4\u00dfig Foto- und Videoaufnahmen erstellt, die auch G\u00e4ste zeigen k\u00f6nnen. 1. Aufnahmen von Erwachsenen Rechtsgrundlage ist unser berechtigtes Interesse gem\u00e4\u00df Art. 6 Abs. 1 lit. f DSGVO an der Dokumentation und Bewerbung unseres Angebots. Die Aufnahmen k\u00f6nnen zu<br \/><a class=\"moretag\" href=\"https:\/\/www.brunnalm-hoheveitsch.at\/sommer\/fotoaufnahmen\/\">+ Read More<\/a><\/p>\n","protected":false},"author":2,"featured_media":39,"parent":0,"menu_order":0,"comment_status":"closed","ping_status":"closed","template":"templates\/page-fullwidth_template.php","meta":{"_acf_changed":false,"footnotes":"","_links_to":"","_links_to_target":""},"class_list":["post-3521","page","type-page","status-publish","has-post-thumbnail","hentry"],"acf":[],"publishpress_future_action":{"enabled":false,"date":"2026-04-12 09:18:33","action":"change-status","newStatus":"draft","terms":[],"taxonomy":""},"publishpress_future_workflow_manual_trigger":{"enabledWorkflows":[]},"_links":{"self":[{"href":"https:\/\/www.brunnalm-hoheveitsch.at\/sommer\/wp-json\/wp\/v2\/pages\/3521","targetHints":{"allow":["GET"]}}],"collection":[{"href":"https:\/\/www.brunnalm-hoheveitsch.at\/sommer\/wp-json\/wp\/v2\/pages"}],"about":[{"href":"https:\/\/www.brunnalm-hoheveitsch.at\/sommer\/wp-json\/wp\/v2\/types\/page"}],"author":[{"embeddable":true,"href":"https:\/\/www.brunnalm-hoheveitsch.at\/sommer\/wp-json\/wp\/v2\/users\/2"}],"replies":[{"embeddable":true,"href":"https:\/\/www.brunnalm-hoheveitsch.at\/sommer\/wp-json\/wp\/v2\/comments?post=3521"}],"version-history":[{"count":4,"href":"https:\/\/www.brunnalm-hoheveitsch.at\/sommer\/wp-json\/wp\/v2\/pages\/3521\/revisions"}],"predecessor-version":[{"id":3525,"href":"https:\/\/www.brunnalm-hoheveitsch.at\/sommer\/wp-json\/wp\/v2\/pages\/3521\/revisions\/3525"}],"wp:featuredmedia":[{"embeddable":true,"href":"https:\/\/www.brunnalm-hoheveitsch.at\/sommer\/wp-json\/wp\/v2\/media\/39"}],"wp:attachment":[{"href":"https:\/\/www.brunnalm-hoheveitsch.at\/sommer\/wp-json\/wp\/v2\/media?parent=3521"}],"curies":[{"name":"wp","href":"https:\/\/api.w.org\/{rel}","templated":true}]}}