{"id":3493,"date":"2025-07-05T10:42:40","date_gmt":"2025-07-05T08:42:40","guid":{"rendered":"https:\/\/www.brunnalm-hoheveitsch.at\/sommer\/?page_id=3493"},"modified":"2025-07-05T10:53:36","modified_gmt":"2025-07-05T08:53:36","slug":"sonnenaufgangsfahrten-2","status":"publish","type":"page","link":"https:\/\/www.brunnalm-hoheveitsch.at\/sommer\/sonnenaufgangsfahrten-2\/","title":{"rendered":"Sonnenaufgangsfahrten"},"content":{"rendered":"\t\t<div data-elementor-type=\"wp-page\" data-elementor-id=\"3493\" class=\"elementor elementor-3493\" data-elementor-post-type=\"page\">\n\t\t\t\t\t\t<section class=\"elementor-section elementor-top-section elementor-element elementor-element-af2923a elementor-section-full_width elementor-section-height-default elementor-section-height-default\" data-id=\"af2923a\" data-element_type=\"section\">\n\t\t\t\t\t\t<div class=\"elementor-container elementor-column-gap-default\">\n\t\t\t\t\t<div class=\"elementor-column elementor-col-100 elementor-top-column elementor-element elementor-element-aef6357\" data-id=\"aef6357\" data-element_type=\"column\">\n\t\t\t<div class=\"elementor-widget-wrap elementor-element-populated\">\n\t\t\t\t\t\t<div class=\"elementor-element elementor-element-e721128 elementor-widget elementor-widget-heading\" data-id=\"e721128\" data-element_type=\"widget\" data-widget_type=\"heading.default\">\n\t\t\t\t<div class=\"elementor-widget-container\">\n\t\t\t\t\t<h2 class=\"elementor-heading-title elementor-size-default\">Sonnenaufgangsfahrten<\/h2>\t\t\t\t<\/div>\n\t\t\t\t<\/div>\n\t\t<!-- dce invisible element c9a81ef -->\t\t\t<\/div>\n\t\t<\/div>\n\t\t\t\t\t<\/div>\n\t\t<\/section>\n\t\t\t\t<section class=\"elementor-section elementor-top-section elementor-element elementor-element-8983740 elementor-section-boxed elementor-section-height-default elementor-section-height-default\" data-id=\"8983740\" data-element_type=\"section\">\n\t\t\t\t\t\t<div class=\"elementor-container elementor-column-gap-default\">\n\t\t\t\t\t<div class=\"elementor-column elementor-col-50 elementor-top-column elementor-element elementor-element-956b0a3\" data-id=\"956b0a3\" data-element_type=\"column\">\n\t\t\t<div class=\"elementor-widget-wrap elementor-element-populated\">\n\t\t\t\t\t\t<div class=\"elementor-element elementor-element-7c5f06c elementor-widget elementor-widget-heading\" data-id=\"7c5f06c\" data-element_type=\"widget\" data-widget_type=\"heading.default\">\n\t\t\t\t<div class=\"elementor-widget-container\">\n\t\t\t\t\t<h2 class=\"elementor-heading-title elementor-size-default\">Sonnenaufgangsfahrten \u2013 Dein perfekter Start in den Tag<\/h2>\t\t\t\t<\/div>\n\t\t\t\t<\/div>\n\t\t\t\t<div class=\"elementor-element elementor-element-b2fe72c elementor-widget elementor-widget-text-editor\" data-id=\"b2fe72c\" data-element_type=\"widget\" data-widget_type=\"text-editor.default\">\n\t\t\t\t<div class=\"elementor-widget-container\">\n\t\t\t\t\t\t\t\t\t<p>Wenn die ersten Sonnenstrahlen den Horizont ber\u00fchren, die Gipfel im goldenen Licht erwachen und das Tal noch still schl\u00e4ft \u2013 dann ist es Zeit f\u00fcr unsere Sonnenaufgangsfahrten. Komm mit dem Sessellift rauf und erlebe einen ganz besonderen Morgen am Berg.<\/p><p>\u00a0<\/p><p><strong>Termine &amp; Liftzeiten SONNENAUFGANGSFAHRTEN 2025<\/strong><\/p><p>12.07. \u2013 05:15 Uhr bis 08:00 Uhr<\/p><p>26.07. \u2013 05:15 Uhr bis 08:00 Uhr<\/p><p>09.08. \u2013 05:15 Uhr bis 08:00 Uhr<\/p><p>23.08. \u2013 05:15 Uhr bis 08:00 Uhr<\/p><p>06.09. \u2013 05:30 Uhr bis 08:00 Uhr<\/p><p>20.09. \u2013 05:30 Uhr bis 08:00 Uhr<\/p><p>04.10. \u2013 06:00 Uhr bis 08:30 Uhr<\/p>\t\t\t\t\t\t\t\t<\/div>\n\t\t\t\t<\/div>\n\t\t\t\t\t<\/div>\n\t\t<\/div>\n\t\t\t\t<div class=\"elementor-column elementor-col-50 elementor-top-column elementor-element elementor-element-a1321c6\" data-id=\"a1321c6\" data-element_type=\"column\">\n\t\t\t<div class=\"elementor-widget-wrap elementor-element-populated\">\n\t\t\t\t\t\t<div class=\"elementor-element elementor-element-ba7c917 elementor-widget elementor-widget-image\" data-id=\"ba7c917\" data-element_type=\"widget\" data-widget_type=\"image.default\">\n\t\t\t\t<div class=\"elementor-widget-container\">\n\t\t\t\t\t\t\t\t\t\t\t\t\t\t\t\t<a href=\"https:\/\/www.brunnalm-hoheveitsch.at\/sommer\/wp-content\/uploads\/sites\/2\/2025\/07\/SONNENAUFGANGSFAHRT.png\" data-elementor-open-lightbox=\"yes\" data-elementor-lightbox-title=\"SONNENAUFGANGSFAHRT\" data-e-action-hash=\"#elementor-action%3Aaction%3Dlightbox%26settings%3DeyJpZCI6IjM0ODUiLCJ1cmwiOiJodHRwczpcL1wvd3d3LmJydW5uYWxtLWhvaGV2ZWl0c2NoLmF0XC9zb21tZXJcL3dwLWNvbnRlbnRcL3VwbG9hZHNcL3NpdGVzXC8yXC8yMDI1XC8wN1wvU09OTkVOQVVGR0FOR1NGQUhSVC5wbmcifQ%3D%3D\">\n\t\t\t\t\t\t\t<img fetchpriority=\"high\" decoding=\"async\" width=\"1080\" height=\"1080\" src=\"https:\/\/www.brunnalm-hoheveitsch.at\/sommer\/wp-content\/uploads\/sites\/2\/2025\/07\/SONNENAUFGANGSFAHRT.png\" class=\"attachment-full size-full wp-image-3485\" alt=\"\" srcset=\"https:\/\/www.brunnalm-hoheveitsch.at\/sommer\/wp-content\/uploads\/sites\/2\/2025\/07\/SONNENAUFGANGSFAHRT.png 1080w, https:\/\/www.brunnalm-hoheveitsch.at\/sommer\/wp-content\/uploads\/sites\/2\/2025\/07\/SONNENAUFGANGSFAHRT-300x300.png 300w, https:\/\/www.brunnalm-hoheveitsch.at\/sommer\/wp-content\/uploads\/sites\/2\/2025\/07\/SONNENAUFGANGSFAHRT-1024x1024.png 1024w, https:\/\/www.brunnalm-hoheveitsch.at\/sommer\/wp-content\/uploads\/sites\/2\/2025\/07\/SONNENAUFGANGSFAHRT-150x150.png 150w, https:\/\/www.brunnalm-hoheveitsch.at\/sommer\/wp-content\/uploads\/sites\/2\/2025\/07\/SONNENAUFGANGSFAHRT-768x768.png 768w\" sizes=\"(max-width: 1080px) 100vw, 1080px\" \/>\t\t\t\t\t\t\t\t<\/a>\n\t\t\t\t\t\t\t\t\t\t\t\t\t\t\t<\/div>\n\t\t\t\t<\/div>\n\t\t\t\t<div class=\"elementor-element elementor-element-de06f17 elementor-align-center elementor-widget elementor-widget-button\" data-id=\"de06f17\" data-element_type=\"widget\" data-widget_type=\"button.default\">\n\t\t\t\t<div class=\"elementor-widget-container\">\n\t\t\t\t\t\t\t\t\t<div class=\"elementor-button-wrapper\">\n\t\t\t\t\t<a class=\"elementor-button elementor-button-link elementor-size-sm\" href=\"https:\/\/www.brunnalm-hoheveitsch.at\/sommer\/wp-content\/uploads\/sites\/2\/2024\/05\/BertlsKinderland.jpg\" target=\"_blank\">\n\t\t\t\t\t\t<span class=\"elementor-button-content-wrapper\">\n\t\t\t\t\t\t<span class=\"elementor-button-icon\">\n\t\t\t\t<i aria-hidden=\"true\" class=\"fas fa-download\"><\/i>\t\t\t<\/span>\n\t\t\t\t\t\t\t\t\t<span class=\"elementor-button-text\">Kinderland Plan<\/span>\n\t\t\t\t\t<\/span>\n\t\t\t\t\t<\/a>\n\t\t\t\t<\/div>\n\t\t\t\t\t\t\t\t<\/div>\n\t\t\t\t<\/div>\n\t\t\t\t\t<\/div>\n\t\t<\/div>\n\t\t\t\t\t<\/div>\n\t\t<\/section>\n\t\t\t\t<section class=\"elementor-section elementor-top-section elementor-element elementor-element-5e506d7 elementor-section-boxed elementor-section-height-default elementor-section-height-default\" data-id=\"5e506d7\" data-element_type=\"section\">\n\t\t\t\t\t\t<div class=\"elementor-container elementor-column-gap-default\">\n\t\t\t\t\t<div class=\"elementor-column elementor-col-100 elementor-top-column elementor-element elementor-element-1e8b2c6\" data-id=\"1e8b2c6\" data-element_type=\"column\">\n\t\t\t<div class=\"elementor-widget-wrap elementor-element-populated\">\n\t\t\t\t\t\t<div class=\"elementor-element elementor-element-e085e3b elementor-widget elementor-widget-heading\" data-id=\"e085e3b\" data-element_type=\"widget\" data-widget_type=\"heading.default\">\n\t\t\t\t<div class=\"elementor-widget-container\">\n\t\t\t\t\t<h2 class=\"elementor-heading-title elementor-size-default\">Regionales Almbuffet direkt am Teich (optional)<\/h2>\t\t\t\t<\/div>\n\t\t\t\t<\/div>\n\t\t\t\t<div class=\"elementor-element elementor-element-0ad4557 elementor-widget elementor-widget-text-editor\" data-id=\"0ad4557\" data-element_type=\"widget\" data-widget_type=\"text-editor.default\">\n\t\t\t\t<div class=\"elementor-widget-container\">\n\t\t\t\t\t\t\t\t\t<p>Von <strong>5:30 Uhr bis 10:00 Uhr<\/strong> erwartet dich am Teich ein liebevoll gedecktes Fr\u00fchst\u00fccksbuffet \u2013 mit allem, was das (Fr\u00fchst\u00fccks-)Herz begehrt. Ideal vor einer kleinen Gipfelwanderung oder zum Genie\u00dfen in der Morgensonne.<\/p>\t\t\t\t\t\t\t\t<\/div>\n\t\t\t\t<\/div>\n\t\t\t\t<div class=\"elementor-element elementor-element-ce6b7e6 elementor-widget elementor-widget-text-editor\" data-id=\"ce6b7e6\" data-element_type=\"widget\" data-widget_type=\"text-editor.default\">\n\t\t\t\t<div class=\"elementor-widget-container\">\n\t\t\t\t\t\t\t\t\t<p><strong>Das gibt\u2019s am Buffet:<\/strong><\/p><p>\u00b7 Speck, Wurst, Schinken- &amp; K\u00e4se aus der Region<\/p><p>\u00b7 Hausgemachte Marmeladen und Aufstriche<\/p><p>\u00b7 Frisches Geb\u00e4ck, Butter, \u00c4pfel, Gem\u00fcse<\/p><p>\u00b7 S\u00e4fte, Kaffee, Tee<\/p><p>\u00b7 Und vieles mehr \u2013 alles von regionalen Partnern<\/p>\t\t\t\t\t\t\t\t<\/div>\n\t\t\t\t<\/div>\n\t\t\t\t<div class=\"elementor-element elementor-element-fb73d2b elementor-widget elementor-widget-text-editor\" data-id=\"fb73d2b\" data-element_type=\"widget\" data-widget_type=\"text-editor.default\">\n\t\t\t\t<div class=\"elementor-widget-container\">\n\t\t\t\t\t\t\t\t\t<p>Du m\u00f6chtest nur einen Kaffee oder ein Glas Frizzante? Kein Problem \u2013 auch ohne Buffet bist du herzlich willkommen.<\/p>\t\t\t\t\t\t\t\t<\/div>\n\t\t\t\t<\/div>\n\t\t\t\t<div class=\"elementor-element elementor-element-1b6e1d1 elementor-widget elementor-widget-text-editor\" data-id=\"1b6e1d1\" data-element_type=\"widget\" data-widget_type=\"text-editor.default\">\n\t\t\t\t<div class=\"elementor-widget-container\">\n\t\t\t\t\t\t\t\t\t<table id=\"MainTable\"><thead><tr><th scope=\"col\">Preise &amp; Bezahlung<\/th><th scope=\"col\">Preis pro Person<\/th><\/tr><\/thead><tbody><tr><td data-label=\"Ticketart\"><b>Liftfahrt (Bergfahrt)<br \/><\/b>Erwachsene<\/td><td data-label=\"Preis pro Person\">\u20ac 10,00<\/td><\/tr><tr><td data-label=\"Ticketart\"><b>Liftfahrt (Bergfahrt)<br \/><\/b>Kinder<\/td><td data-label=\"Preis pro Person\">\u20ac 5,00<\/td><\/tr><tr><td data-label=\"Ticketart\"><b>Fr\u00fchst\u00fccksbuffet<br \/><\/b>Erwachsene<\/td><td data-label=\"Preis pro Person\">\u20ac 20,00<\/td><\/tr><tr><td data-label=\"Ticketart\"><b>Fr\u00fchst\u00fccksbuffet<br \/><\/b>Kinder<\/td><td data-label=\"Preis pro Person\">\u20ac 9,50<\/td><\/tr><tr><td data-label=\"Ticketart\">Bezahlung ausschlie\u00dflich in BAR direkt beim Lifteinstieg.<\/td><td data-label=\"Preis pro Person\">\u00a0<\/td><\/tr><\/tbody><\/table>\t\t\t\t\t\t\t\t<\/div>\n\t\t\t\t<\/div>\n\t\t\t\t\t<\/div>\n\t\t<\/div>\n\t\t\t\t\t<\/div>\n\t\t<\/section>\n\t\t\t\t<section class=\"elementor-section elementor-top-section elementor-element elementor-element-db4b42d elementor-section-boxed elementor-section-height-default elementor-section-height-default\" data-id=\"db4b42d\" data-element_type=\"section\">\n\t\t\t\t\t\t<div class=\"elementor-container elementor-column-gap-default\">\n\t\t\t\t\t<div class=\"elementor-column elementor-col-50 elementor-top-column elementor-element elementor-element-37bde26\" data-id=\"37bde26\" data-element_type=\"column\">\n\t\t\t<div class=\"elementor-widget-wrap elementor-element-populated\">\n\t\t\t\t\t\t<div class=\"elementor-element elementor-element-e702543 elementor-widget elementor-widget-heading\" data-id=\"e702543\" data-element_type=\"widget\" data-widget_type=\"heading.default\">\n\t\t\t\t<div class=\"elementor-widget-container\">\n\t\t\t\t\t<h2 class=\"elementor-heading-title elementor-size-default\">Unsere Lieferanten<\/h2>\t\t\t\t<\/div>\n\t\t\t\t<\/div>\n\t\t\t\t<div class=\"elementor-element elementor-element-797287d elementor-widget elementor-widget-text-editor\" data-id=\"797287d\" data-element_type=\"widget\" data-widget_type=\"text-editor.default\">\n\t\t\t\t<div class=\"elementor-widget-container\">\n\t\t\t\t\t\t\t\t\t<p>Traude Holzer (Neuberg an der M\u00fcrz) https:\/\/www.traudeholzer.com<\/p><p>Familie Aigner (Aflenz) www.fleischerei-aigner.at<\/p><p>Familie Putzgruber-Fuchs (Ganztal bei M\u00fcrzzuschlag)<\/p><p>Alfred Rosenblattl (Wartberg)<\/p>\t\t\t\t\t\t\t\t<\/div>\n\t\t\t\t<\/div>\n\t\t\t\t<div class=\"elementor-element elementor-element-3a25d1d elementor-widget elementor-widget-image-carousel\" data-id=\"3a25d1d\" data-element_type=\"widget\" data-settings=\"{&quot;slides_to_show&quot;:&quot;1&quot;,&quot;navigation&quot;:&quot;none&quot;,&quot;effect&quot;:&quot;fade&quot;,&quot;speed&quot;:&quot;1000&quot;,&quot;autoplay&quot;:&quot;yes&quot;,&quot;autoplay_speed&quot;:5000,&quot;infinite&quot;:&quot;yes&quot;}\" data-widget_type=\"image-carousel.default\">\n\t\t\t\t<div class=\"elementor-widget-container\">\n\t\t\t\t\t\t\t<div class=\"elementor-image-carousel-wrapper swiper\" role=\"region\" aria-roledescription=\"carousel\" aria-label=\"Bild Karussell\" dir=\"ltr\">\n\t\t\t<div class=\"elementor-image-carousel swiper-wrapper\" aria-live=\"off\">\n\t\t\t\t\t\t\t\t<div class=\"swiper-slide\" role=\"group\" aria-roledescription=\"slide\" aria-label=\"1 von 2\"><figure class=\"swiper-slide-inner\"><img decoding=\"async\" class=\"swiper-slide-image\" src=\"https:\/\/www.brunnalm-hoheveitsch.at\/sommer\/wp-content\/uploads\/sites\/2\/2025\/07\/traude.png\" alt=\"traude\" \/><\/figure><\/div><div class=\"swiper-slide\" role=\"group\" aria-roledescription=\"slide\" aria-label=\"2 von 2\"><figure class=\"swiper-slide-inner\"><img decoding=\"async\" class=\"swiper-slide-image\" src=\"https:\/\/www.brunnalm-hoheveitsch.at\/sommer\/wp-content\/uploads\/sites\/2\/2025\/07\/aigner.png\" alt=\"aigner\" \/><\/figure><\/div>\t\t\t<\/div>\n\t\t\t\t\t\t\t\n\t\t\t\t\t\t\t\t\t<\/div>\n\t\t\t\t\t\t<\/div>\n\t\t\t\t<\/div>\n\t\t<!-- dce invisible element d5c6bc2 -->\t\t\t<\/div>\n\t\t<\/div>\n\t\t\t\t<div class=\"elementor-column elementor-col-50 elementor-top-column elementor-element elementor-element-d7d5646\" data-id=\"d7d5646\" data-element_type=\"column\">\n\t\t\t<div class=\"elementor-widget-wrap elementor-element-populated\">\n\t\t\t\t\t\t<div class=\"elementor-element elementor-element-c4756b3 elementor-widget elementor-widget-heading\" data-id=\"c4756b3\" data-element_type=\"widget\" data-widget_type=\"heading.default\">\n\t\t\t\t<div class=\"elementor-widget-container\">\n\t\t\t\t\t<h2 class=\"elementor-heading-title elementor-size-default\">Weitere Termine<\/h2>\t\t\t\t<\/div>\n\t\t\t\t<\/div>\n\t\t\t\t<div class=\"elementor-element elementor-element-ad40788 elementor-widget elementor-widget-text-editor\" data-id=\"ad40788\" data-element_type=\"widget\" data-widget_type=\"text-editor.default\">\n\t\t\t\t<div class=\"elementor-widget-container\">\n\t\t\t\t\t\t\t\t\t<p>Weitere Termine Sesselliftbetrieb:<\/p><p>19.07. \u2013 09:00 Uhr bis 11:00 Uhr<\/p><p>(Kr\u00e4uterwanderung)<\/p><p>15.08. \u2013 07:00 Uhr bis 16:00 Uhr<\/p><p>Musikalische Oimroas<\/p>\t\t\t\t\t\t\t\t<\/div>\n\t\t\t\t<\/div>\n\t\t\t\t<div class=\"elementor-element elementor-element-c1c9a56 elementor-widget elementor-widget-image-carousel\" data-id=\"c1c9a56\" data-element_type=\"widget\" data-settings=\"{&quot;slides_to_show&quot;:&quot;1&quot;,&quot;navigation&quot;:&quot;none&quot;,&quot;effect&quot;:&quot;fade&quot;,&quot;speed&quot;:&quot;1000&quot;,&quot;autoplay&quot;:&quot;yes&quot;,&quot;autoplay_speed&quot;:5000,&quot;infinite&quot;:&quot;yes&quot;}\" data-widget_type=\"image-carousel.default\">\n\t\t\t\t<div class=\"elementor-widget-container\">\n\t\t\t\t\t\t\t<div class=\"elementor-image-carousel-wrapper swiper\" role=\"region\" aria-roledescription=\"carousel\" aria-label=\"Bild Karussell\" dir=\"ltr\">\n\t\t\t<div class=\"elementor-image-carousel swiper-wrapper\" aria-live=\"off\">\n\t\t\t\t\t\t\t\t<div class=\"swiper-slide\" role=\"group\" aria-roledescription=\"slide\" aria-label=\"1 von 1\"><figure class=\"swiper-slide-inner\"><img decoding=\"async\" class=\"swiper-slide-image\" src=\"https:\/\/www.brunnalm-hoheveitsch.at\/sommer\/wp-content\/uploads\/sites\/2\/2023\/04\/Parkplatz.jpg\" alt=\"Parkplatz\" \/><\/figure><\/div>\t\t\t<\/div>\n\t\t\t\t\t<\/div>\n\t\t\t\t\t\t<\/div>\n\t\t\t\t<\/div>\n\t\t<!-- dce invisible element 3f9378b -->\t\t\t<\/div>\n\t\t<\/div>\n\t\t\t\t\t<\/div>\n\t\t<\/section>\n\t\t<!-- dce invisible element f96369b -->\t\t<\/div>\n\t\t","protected":false},"excerpt":{"rendered":"<p>Sonnenaufgangsfahrten Genuss am Teich &#8211; Regionales Fr\u00fchst\u00fcck bei den ersten Sonnenstrahlen am Berg. Sonnenaufgangsfahrten \u2013 Dein perfekter Start in den Tag Wenn die ersten Sonnenstrahlen den Horizont ber\u00fchren, die Gipfel im goldenen Licht erwachen und das Tal noch still schl\u00e4ft \u2013 dann ist es Zeit f\u00fcr unsere Sonnenaufgangsfahrten. Komm mit dem Sessellift rauf und erlebe<br \/><a class=\"moretag\" href=\"https:\/\/www.brunnalm-hoheveitsch.at\/sommer\/sonnenaufgangsfahrten-2\/\">+ Read More<\/a><\/p>\n","protected":false},"author":2,"featured_media":3223,"parent":0,"menu_order":0,"comment_status":"closed","ping_status":"closed","template":"templates\/page-fullwidth_template.php","meta":{"_acf_changed":false,"footnotes":"","_links_to":"","_links_to_target":""},"class_list":["post-3493","page","type-page","status-publish","has-post-thumbnail","hentry"],"acf":[],"publishpress_future_action":{"enabled":false,"date":"2026-05-19 17:38:53","action":"change-status","newStatus":"draft","terms":[],"taxonomy":""},"publishpress_future_workflow_manual_trigger":{"enabledWorkflows":[]},"_links":{"self":[{"href":"https:\/\/www.brunnalm-hoheveitsch.at\/sommer\/wp-json\/wp\/v2\/pages\/3493","targetHints":{"allow":["GET"]}}],"collection":[{"href":"https:\/\/www.brunnalm-hoheveitsch.at\/sommer\/wp-json\/wp\/v2\/pages"}],"about":[{"href":"https:\/\/www.brunnalm-hoheveitsch.at\/sommer\/wp-json\/wp\/v2\/types\/page"}],"author":[{"embeddable":true,"href":"https:\/\/www.brunnalm-hoheveitsch.at\/sommer\/wp-json\/wp\/v2\/users\/2"}],"replies":[{"embeddable":true,"href":"https:\/\/www.brunnalm-hoheveitsch.at\/sommer\/wp-json\/wp\/v2\/comments?post=3493"}],"version-history":[{"count":10,"href":"https:\/\/www.brunnalm-hoheveitsch.at\/sommer\/wp-json\/wp\/v2\/pages\/3493\/revisions"}],"predecessor-version":[{"id":3506,"href":"https:\/\/www.brunnalm-hoheveitsch.at\/sommer\/wp-json\/wp\/v2\/pages\/3493\/revisions\/3506"}],"wp:featuredmedia":[{"embeddable":true,"href":"https:\/\/www.brunnalm-hoheveitsch.at\/sommer\/wp-json\/wp\/v2\/media\/3223"}],"wp:attachment":[{"href":"https:\/\/www.brunnalm-hoheveitsch.at\/sommer\/wp-json\/wp\/v2\/media?parent=3493"}],"curies":[{"name":"wp","href":"https:\/\/api.w.org\/{rel}","templated":true}]}}