{"id":2581,"date":"2023-06-04T16:54:27","date_gmt":"2023-06-04T14:54:27","guid":{"rendered":"https:\/\/www.brunnalm-hoheveitsch.at\/sommer\/?page_id=2581"},"modified":"2023-06-04T17:43:41","modified_gmt":"2023-06-04T15:43:41","slug":"bb-bungee-trampolin","status":"publish","type":"page","link":"https:\/\/www.brunnalm-hoheveitsch.at\/sommer\/bb-bungee-trampolin\/","title":{"rendered":"Ben\u00fctzungsbedingungen Bungee Trampolin"},"content":{"rendered":"\t\t<div data-elementor-type=\"wp-page\" data-elementor-id=\"2581\" class=\"elementor elementor-2581\" data-elementor-post-type=\"page\">\n\t\t\t\t\t\t<section class=\"elementor-section elementor-top-section elementor-element elementor-element-0f1805c elementor-section-boxed elementor-section-height-default elementor-section-height-default\" data-id=\"0f1805c\" data-element_type=\"section\">\n\t\t\t\t\t\t<div class=\"elementor-container elementor-column-gap-default\">\n\t\t\t\t\t<div class=\"elementor-column elementor-col-100 elementor-top-column elementor-element elementor-element-8bd526b\" data-id=\"8bd526b\" data-element_type=\"column\">\n\t\t\t<div class=\"elementor-widget-wrap elementor-element-populated\">\n\t\t\t\t\t\t<div class=\"elementor-element elementor-element-638599c elementor-widget elementor-widget-heading\" data-id=\"638599c\" data-element_type=\"widget\" data-widget_type=\"heading.default\">\n\t\t\t\t<div class=\"elementor-widget-container\">\n\t\t\t\t\t<h2 class=\"elementor-heading-title elementor-size-default\">Ben\u00fctzungsbedingungen Bungee Trampolin \"Gams Hupfer\"<\/h2>\t\t\t\t<\/div>\n\t\t\t\t<\/div>\n\t\t\t\t<div class=\"elementor-element elementor-element-3d26c6c elementor-widget elementor-widget-text-editor\" data-id=\"3d26c6c\" data-element_type=\"widget\" data-widget_type=\"text-editor.default\">\n\t\t\t\t<div class=\"elementor-widget-container\">\n\t\t\t\t\t\t\t\t\t<p>4 Sprungpl\u00e4tze gleichzeitig<\/p>\n<ul>\n<li style=\"list-style-type: none;\">\n<ul>\n<li>Bis zu 9 m hohe Spr\u00fcnge m\u00f6glich<\/li>\n<li>Machbar f\u00fcr alle zwischen 15 kg und 80 kg<\/li>\n<li>Kein Alterslimit<\/li>\n<li>Gefahrlos Saltos schlagen<\/li>\n<li>Betreuungspersonal ist immer dabei<\/li>\n<\/ul>\n<\/li>\n<\/ul>\n<p>Grunds\u00e4tzlich gilt<\/p>\n<ul>\n<li>es darf sich nur jeweils eine Person (und eine Arbeitskraft) pro Trampolin befinden.<\/li>\n<li>die Person darf ohne angegurtet zu sein, NIEMALS auf dem Trampolin springen!<\/li>\n<li>f\u00fcr die Person gilt: Mindestgewicht: 15 kg, Maximalgewicht: 90 kg<\/li>\n<li>Nicht geeignet f\u00fcr Schwangere Frau und Menschen mit Platzangst, Bluthochdruck, Herz-Kreislauferkrankungen, Krampf- oder Ohnmachtsanf\u00e4llen, Verletzungen an der Wirbels\u00e4ule und Epilepsie<\/li>\n<\/ul>\n<p>Vor dem Springen<\/p>\n<ul>\n<li>der Springer wird gewogen und das Gewicht am Springer vermerkt (Hand\/Zettel)<\/li><li>der Springer wird angewiesen, die Schuhe vor dem Betreten des Trampolins auszuziehen<\/li><li>das Personal hilft dem Springer beim Auf- und Abstieg und l\u00e4sst Ihn nicht unbeaufsichtigt<\/li><li>der Springer wird am passenden Gurt (S, M, oder L) festgezurrt.<\/li><li>Ganz wichtig: der Springer darf erst Saltos machen, wenn das Personal zustimmt<\/li><li>der Springer muss sich seitlich an den Gummis festhalten<\/li><li>der Springer hat jederzeit Anweisungen des Personals folge zu leisten<\/li>\n<\/ul>\t\t\t\t\t\t\t\t<\/div>\n\t\t\t\t<\/div>\n\t\t\t\t\t<\/div>\n\t\t<\/div>\n\t\t\t\t\t<\/div>\n\t\t<\/section>\n\t\t\t\t<\/div>\n\t\t","protected":false},"excerpt":{"rendered":"<p>Ben\u00fctzungsbedingungen Bungee Trampolin &#8222;Gams Hupfer&#8220; 4 Sprungpl\u00e4tze gleichzeitig Bis zu 9 m hohe Spr\u00fcnge m\u00f6glich Machbar f\u00fcr alle zwischen 15 kg und 80 kg Kein Alterslimit Gefahrlos Saltos schlagen Betreuungspersonal ist immer dabei Grunds\u00e4tzlich gilt es darf sich nur jeweils eine Person (und eine Arbeitskraft) pro Trampolin befinden. die Person darf ohne angegurtet zu sein,<br \/><a class=\"moretag\" href=\"https:\/\/www.brunnalm-hoheveitsch.at\/sommer\/bb-bungee-trampolin\/\">+ Read More<\/a><\/p>\n","protected":false},"author":1,"featured_media":39,"parent":0,"menu_order":0,"comment_status":"closed","ping_status":"closed","template":"templates\/page-fullwidth_template.php","meta":{"_acf_changed":false,"footnotes":"","_links_to":"","_links_to_target":""},"class_list":["post-2581","page","type-page","status-publish","has-post-thumbnail","hentry"],"acf":[],"publishpress_future_action":{"enabled":false,"date":"2026-04-12 08:59:03","action":"change-status","newStatus":"draft","terms":[],"taxonomy":""},"publishpress_future_workflow_manual_trigger":{"enabledWorkflows":[]},"_links":{"self":[{"href":"https:\/\/www.brunnalm-hoheveitsch.at\/sommer\/wp-json\/wp\/v2\/pages\/2581","targetHints":{"allow":["GET"]}}],"collection":[{"href":"https:\/\/www.brunnalm-hoheveitsch.at\/sommer\/wp-json\/wp\/v2\/pages"}],"about":[{"href":"https:\/\/www.brunnalm-hoheveitsch.at\/sommer\/wp-json\/wp\/v2\/types\/page"}],"author":[{"embeddable":true,"href":"https:\/\/www.brunnalm-hoheveitsch.at\/sommer\/wp-json\/wp\/v2\/users\/1"}],"replies":[{"embeddable":true,"href":"https:\/\/www.brunnalm-hoheveitsch.at\/sommer\/wp-json\/wp\/v2\/comments?post=2581"}],"version-history":[{"count":0,"href":"https:\/\/www.brunnalm-hoheveitsch.at\/sommer\/wp-json\/wp\/v2\/pages\/2581\/revisions"}],"wp:featuredmedia":[{"embeddable":true,"href":"https:\/\/www.brunnalm-hoheveitsch.at\/sommer\/wp-json\/wp\/v2\/media\/39"}],"wp:attachment":[{"href":"https:\/\/www.brunnalm-hoheveitsch.at\/sommer\/wp-json\/wp\/v2\/media?parent=2581"}],"curies":[{"name":"wp","href":"https:\/\/api.w.org\/{rel}","templated":true}]}}