{"id":2172,"date":"2023-04-17T22:25:13","date_gmt":"2023-04-17T20:25:13","guid":{"rendered":"https:\/\/www.brunnalm-hoheveitsch.at\/sommer\/?page_id=2172"},"modified":"2023-06-04T16:55:11","modified_gmt":"2023-06-04T14:55:11","slug":"bb-tubing-bahn","status":"publish","type":"page","link":"https:\/\/www.brunnalm-hoheveitsch.at\/sommer\/bb-tubing-bahn\/","title":{"rendered":"Ben\u00fctzungsbedingungen Tubing Bahn"},"content":{"rendered":"\t\t<div data-elementor-type=\"wp-page\" data-elementor-id=\"2172\" class=\"elementor elementor-2172\" data-elementor-post-type=\"page\">\n\t\t\t\t\t\t<section class=\"elementor-section elementor-top-section elementor-element elementor-element-0f1805c elementor-section-boxed elementor-section-height-default elementor-section-height-default\" data-id=\"0f1805c\" data-element_type=\"section\">\n\t\t\t\t\t\t<div class=\"elementor-container elementor-column-gap-default\">\n\t\t\t\t\t<div class=\"elementor-column elementor-col-100 elementor-top-column elementor-element elementor-element-8bd526b\" data-id=\"8bd526b\" data-element_type=\"column\">\n\t\t\t<div class=\"elementor-widget-wrap elementor-element-populated\">\n\t\t\t\t\t\t<div class=\"elementor-element elementor-element-638599c elementor-widget elementor-widget-heading\" data-id=\"638599c\" data-element_type=\"widget\" data-widget_type=\"heading.default\">\n\t\t\t\t<div class=\"elementor-widget-container\">\n\t\t\t\t\t<h2 class=\"elementor-heading-title elementor-size-default\">Ben\u00fctzungsbedingungen Tubing Bahn \"Gamsige Rutschpartie\"<\/h2>\t\t\t\t<\/div>\n\t\t\t\t<\/div>\n\t\t\t\t<div class=\"elementor-element elementor-element-780b22c elementor-widget elementor-widget-text-editor\" data-id=\"780b22c\" data-element_type=\"widget\" data-widget_type=\"text-editor.default\">\n\t\t\t\t<div class=\"elementor-widget-container\">\n\t\t\t\t\t\t\t\t\t<p>Unsere TUBING BAHN &#8222;Gamsige Rutschpartie&#8220; ist eine unterhaltsame und sichere Aktivit\u00e4t, geeignet f\u00fcr jede Altersgruppe.\u00a0Um gr\u00f6\u00dftm\u00f6gliche Sicherheit zu erm\u00f6glichen, ist es wichtig folgende Regeln zu beachten und einzuhalten:<\/p>\t\t\t\t\t\t\t\t<\/div>\n\t\t\t\t<\/div>\n\t\t\t\t<div class=\"elementor-element elementor-element-3d26c6c elementor-widget elementor-widget-text-editor\" data-id=\"3d26c6c\" data-element_type=\"widget\" data-widget_type=\"text-editor.default\">\n\t\t\t\t<div class=\"elementor-widget-container\">\n\t\t\t\t\t\t\t\t\t<ol><li>Die TUBING BAHN &#8222;Gamsige Rutschpartie&#8220; darf nur von Personen mit einer Mindestgr\u00f6\u00dfe von 1m und einem Alter von mindestens 4 Jahren benutzt werden.<\/li><li>Bei einer feuchten Piste, bei Regen und in Abwesenheit des Personals ist es absolut verboten die Tubing Bahn zu befahren.<\/li><li>Bei unserer Tubing Bahn mit Kurven darf sich immer nur eine Person in der Bahn befinden.<\/li><li>Zu Beginn der Fahrt ist es wichtig sicherzustellen, dass die gesamte Tubing Bahn frei von Personen bzw. Tube Reifen ist.<\/li><li>Man setzt sich in den Tubing Reifen und die Beine bleiben au\u00dferhalb des Reifens.<\/li><li>An den Seitengriffen festhalten.<\/li><li>W\u00e4hrend der Fahrt ist die Leine zum Ziehen des Snow-Tubes innerhalb des Snow-Tubes zu verstauen.<\/li><li>Es ist strengstens UNTERSAGT, den Tubing Reifen au\u00dferhalb der entsprechenden Bahn zu verwenden.<\/li><li>Es ist verboten, auf dem Bauch herunterzurutschen.<\/li><li>Es ist verboten, sich auf den Rand des Tubing Reifen zu setzen.<\/li><li>Sollte ein Erwachsener mit Kind gemeinsam ein Maxi-Tube-Reifen benutzen, ist es wichtig, dass beide sicher im Maxi-Tube-Reifen sitzen.<\/li><li>Das Herunterfahren von zwei Erwachsenen auf einem Maxi-Tube-Reifen IST UNZUL\u00c4SSIG.<\/li><li>Das Herunterfahren von mehreren Tubing Reifen gleichzeitig IST UNZUL\u00c4SSIG.<\/li><li>G\u00e4ste mit \u00fcber 2 m K\u00f6rpergr\u00f6\u00dfe d\u00fcrfen die Tubing Bahn NICHT BENUTZEN.<\/li><li>G\u00e4ste in schlechtem gesundheitlichem Zustand d\u00fcrfen die Tubing Bahn NICHT BENUTZEN.<\/li><li>G\u00e4ste unter Alkohol- oder Drogeneinfluss d\u00fcrfen die Tubing Bahn NICHT BENUTZEN.<\/li><li>Schwangere d\u00fcrfen die Tubing Bahn NICHT BENUTZEN.<\/li><li>Die Bef\u00f6rderung sperriger Gegenst\u00e4nde (z.B. Regenschirme, Rucks\u00e4cke usw.) ist untersagt.<\/li><li>Es d\u00fcrfen keine Kleidungsst\u00fccke getragen werden, die sich verfangen k\u00f6nnten (z.B. Schals oder \u00e4hnliches).<\/li><\/ol>\t\t\t\t\t\t\t\t<\/div>\n\t\t\t\t<\/div>\n\t\t\t\t\t<\/div>\n\t\t<\/div>\n\t\t\t\t\t<\/div>\n\t\t<\/section>\n\t\t\t\t<\/div>\n\t\t","protected":false},"excerpt":{"rendered":"<p>Ben\u00fctzungsbedingungen Tubing Bahn &#8222;Gamsige Rutschpartie&#8220; Unsere TUBING BAHN &#8222;Gamsige Rutschpartie&#8220; ist eine unterhaltsame und sichere Aktivit\u00e4t, geeignet f\u00fcr jede Altersgruppe.\u00a0Um gr\u00f6\u00dftm\u00f6gliche Sicherheit zu erm\u00f6glichen, ist es wichtig folgende Regeln zu beachten und einzuhalten: Die TUBING BAHN &#8222;Gamsige Rutschpartie&#8220; darf nur von Personen mit einer Mindestgr\u00f6\u00dfe von 1m und einem Alter von mindestens 4 Jahren benutzt<br \/><a class=\"moretag\" href=\"https:\/\/www.brunnalm-hoheveitsch.at\/sommer\/bb-tubing-bahn\/\">+ Read More<\/a><\/p>\n","protected":false},"author":1,"featured_media":39,"parent":0,"menu_order":0,"comment_status":"closed","ping_status":"closed","template":"templates\/page-fullwidth_template.php","meta":{"_acf_changed":false,"footnotes":"","_links_to":"","_links_to_target":""},"class_list":["post-2172","page","type-page","status-publish","has-post-thumbnail","hentry"],"acf":[],"publishpress_future_action":{"enabled":false,"date":"2026-05-13 10:27:25","action":"change-status","newStatus":"draft","terms":[],"taxonomy":""},"publishpress_future_workflow_manual_trigger":{"enabledWorkflows":[]},"_links":{"self":[{"href":"https:\/\/www.brunnalm-hoheveitsch.at\/sommer\/wp-json\/wp\/v2\/pages\/2172","targetHints":{"allow":["GET"]}}],"collection":[{"href":"https:\/\/www.brunnalm-hoheveitsch.at\/sommer\/wp-json\/wp\/v2\/pages"}],"about":[{"href":"https:\/\/www.brunnalm-hoheveitsch.at\/sommer\/wp-json\/wp\/v2\/types\/page"}],"author":[{"embeddable":true,"href":"https:\/\/www.brunnalm-hoheveitsch.at\/sommer\/wp-json\/wp\/v2\/users\/1"}],"replies":[{"embeddable":true,"href":"https:\/\/www.brunnalm-hoheveitsch.at\/sommer\/wp-json\/wp\/v2\/comments?post=2172"}],"version-history":[{"count":0,"href":"https:\/\/www.brunnalm-hoheveitsch.at\/sommer\/wp-json\/wp\/v2\/pages\/2172\/revisions"}],"wp:featuredmedia":[{"embeddable":true,"href":"https:\/\/www.brunnalm-hoheveitsch.at\/sommer\/wp-json\/wp\/v2\/media\/39"}],"wp:attachment":[{"href":"https:\/\/www.brunnalm-hoheveitsch.at\/sommer\/wp-json\/wp\/v2\/media?parent=2172"}],"curies":[{"name":"wp","href":"https:\/\/api.w.org\/{rel}","templated":true}]}}