{"id":1207,"date":"2023-04-06T13:06:39","date_gmt":"2023-04-06T11:06:39","guid":{"rendered":"https:\/\/www.brunnalm-hoheveitsch.at\/sommer\/?page_id=1207"},"modified":"2025-08-29T15:08:02","modified_gmt":"2025-08-29T13:08:02","slug":"bertls-kinderland","status":"publish","type":"page","link":"https:\/\/www.brunnalm-hoheveitsch.at\/sommer\/bertls-kinderland\/","title":{"rendered":"Bertl&#8217;s Kinderland"},"content":{"rendered":"\t\t<div data-elementor-type=\"wp-page\" data-elementor-id=\"1207\" class=\"elementor elementor-1207\" data-elementor-post-type=\"page\">\n\t\t\t\t\t\t<section class=\"elementor-section elementor-top-section elementor-element elementor-element-af2923a elementor-section-full_width elementor-section-height-default elementor-section-height-default\" data-id=\"af2923a\" data-element_type=\"section\">\n\t\t\t\t\t\t<div class=\"elementor-container elementor-column-gap-default\">\n\t\t\t\t\t<div class=\"elementor-column elementor-col-100 elementor-top-column elementor-element elementor-element-aef6357\" data-id=\"aef6357\" data-element_type=\"column\">\n\t\t\t<div class=\"elementor-widget-wrap elementor-element-populated\">\n\t\t\t\t\t\t<div class=\"elementor-element elementor-element-e721128 elementor-widget elementor-widget-heading\" data-id=\"e721128\" data-element_type=\"widget\" data-widget_type=\"heading.default\">\n\t\t\t\t<div class=\"elementor-widget-container\">\n\t\t\t\t\t<h2 class=\"elementor-heading-title elementor-size-default\">Bertl's Kinderland<\/h2>\t\t\t\t<\/div>\n\t\t\t\t<\/div>\n\t\t<!-- dce invisible element c9a81ef -->\t\t\t<\/div>\n\t\t<\/div>\n\t\t\t\t\t<\/div>\n\t\t<\/section>\n\t\t\t\t<section class=\"elementor-section elementor-top-section elementor-element elementor-element-8983740 elementor-section-boxed elementor-section-height-default elementor-section-height-default\" data-id=\"8983740\" data-element_type=\"section\">\n\t\t\t\t\t\t<div class=\"elementor-container elementor-column-gap-default\">\n\t\t\t\t\t<div class=\"elementor-column elementor-col-50 elementor-top-column elementor-element elementor-element-956b0a3\" data-id=\"956b0a3\" data-element_type=\"column\">\n\t\t\t<div class=\"elementor-widget-wrap elementor-element-populated\">\n\t\t\t\t\t\t<div class=\"elementor-element elementor-element-7c5f06c elementor-widget elementor-widget-heading\" data-id=\"7c5f06c\" data-element_type=\"widget\" data-widget_type=\"heading.default\">\n\t\t\t\t<div class=\"elementor-widget-container\">\n\t\t\t\t\t<h2 class=\"elementor-heading-title elementor-size-default\">Ganz was gro\u00dfes f\u00fcr die kleinen<\/h2>\t\t\t\t<\/div>\n\t\t\t\t<\/div>\n\t\t\t\t<div class=\"elementor-element elementor-element-b2fe72c elementor-widget elementor-widget-text-editor\" data-id=\"b2fe72c\" data-element_type=\"widget\" data-widget_type=\"text-editor.default\">\n\t\t\t\t<div class=\"elementor-widget-container\">\n\t\t\t\t\t\t\t\t\t<p>F\u00fcr unsere j\u00fcngsten G\u00e4ste sind Spa\u00df und Action auf der Brunnalm garantiert. Diese finden in Bertl&#8217;s Kinderland direkt beim Brunnalmzentrum<\/p><ul><li>einen Spieleteich mit Wasserbalancierstrecke &amp; Spielh\u00fcttendorf<\/li><li>eine Doppelschaukel &amp; Partnerschaukel<\/li><li>ein Baumkarussell<\/li><li>eine Sandbaustelle mit Kinderbagger und<\/li><li><span style=\"color: var( --e-global-color-text )\">die Mugl&#8217;s Holzkugelbahn. (Kugel erforderlich)<\/span><\/li><\/ul><p style=\"text-align: center\"><strong>Eltern haften f\u00fcr Ihre Kinder!<\/strong><\/p>\t\t\t\t\t\t\t\t<\/div>\n\t\t\t\t<\/div>\n\t\t\t\t\t<\/div>\n\t\t<\/div>\n\t\t\t\t<div class=\"elementor-column elementor-col-50 elementor-top-column elementor-element elementor-element-a1321c6\" data-id=\"a1321c6\" data-element_type=\"column\">\n\t\t\t<div class=\"elementor-widget-wrap elementor-element-populated\">\n\t\t\t\t\t\t<div class=\"elementor-element elementor-element-ba7c917 elementor-widget elementor-widget-image\" data-id=\"ba7c917\" data-element_type=\"widget\" data-widget_type=\"image.default\">\n\t\t\t\t<div class=\"elementor-widget-container\">\n\t\t\t\t\t\t\t\t\t\t\t\t\t\t\t\t<a href=\"https:\/\/www.brunnalm-hoheveitsch.at\/sommer\/wp-content\/uploads\/sites\/2\/2024\/05\/BertlsKinderland.jpg\" data-elementor-open-lightbox=\"yes\" data-elementor-lightbox-title=\"BertlsKinderland\" data-e-action-hash=\"#elementor-action%3Aaction%3Dlightbox%26settings%3DeyJpZCI6IjMyMTkiLCJ1cmwiOiJodHRwczpcL1wvd3d3LmJydW5uYWxtLWhvaGV2ZWl0c2NoLmF0XC9zb21tZXJcL3dwLWNvbnRlbnRcL3VwbG9hZHNcL3NpdGVzXC8yXC8yMDI0XC8wNVwvQmVydGxzS2luZGVybGFuZC5qcGcifQ%3D%3D\">\n\t\t\t\t\t\t\t<img fetchpriority=\"high\" decoding=\"async\" width=\"1000\" height=\"521\" src=\"https:\/\/www.brunnalm-hoheveitsch.at\/sommer\/wp-content\/uploads\/sites\/2\/2024\/05\/BertlsKinderland.jpg\" class=\"attachment-full size-full wp-image-3219\" alt=\"\" srcset=\"https:\/\/www.brunnalm-hoheveitsch.at\/sommer\/wp-content\/uploads\/sites\/2\/2024\/05\/BertlsKinderland.jpg 1000w, https:\/\/www.brunnalm-hoheveitsch.at\/sommer\/wp-content\/uploads\/sites\/2\/2024\/05\/BertlsKinderland-300x156.jpg 300w, https:\/\/www.brunnalm-hoheveitsch.at\/sommer\/wp-content\/uploads\/sites\/2\/2024\/05\/BertlsKinderland-768x400.jpg 768w\" sizes=\"(max-width: 1000px) 100vw, 1000px\" \/>\t\t\t\t\t\t\t\t<\/a>\n\t\t\t\t\t\t\t\t\t\t\t\t\t\t\t<\/div>\n\t\t\t\t<\/div>\n\t\t\t\t<div class=\"elementor-element elementor-element-de06f17 elementor-align-center elementor-widget elementor-widget-button\" data-id=\"de06f17\" data-element_type=\"widget\" data-widget_type=\"button.default\">\n\t\t\t\t<div class=\"elementor-widget-container\">\n\t\t\t\t\t\t\t\t\t<div class=\"elementor-button-wrapper\">\n\t\t\t\t\t<a class=\"elementor-button elementor-button-link elementor-size-sm\" href=\"https:\/\/www.brunnalm-hoheveitsch.at\/sommer\/wp-content\/uploads\/sites\/2\/2024\/05\/BertlsKinderland.jpg\" target=\"_blank\">\n\t\t\t\t\t\t<span class=\"elementor-button-content-wrapper\">\n\t\t\t\t\t\t<span class=\"elementor-button-icon\">\n\t\t\t\t<i aria-hidden=\"true\" class=\"fas fa-download\"><\/i>\t\t\t<\/span>\n\t\t\t\t\t\t\t\t\t<span class=\"elementor-button-text\">Kinderland Plan<\/span>\n\t\t\t\t\t<\/span>\n\t\t\t\t\t<\/a>\n\t\t\t\t<\/div>\n\t\t\t\t\t\t\t\t<\/div>\n\t\t\t\t<\/div>\n\t\t\t\t\t<\/div>\n\t\t<\/div>\n\t\t\t\t\t<\/div>\n\t\t<\/section>\n\t\t\t\t<section class=\"elementor-section elementor-top-section elementor-element elementor-element-5e506d7 elementor-section-boxed elementor-section-height-default elementor-section-height-default\" data-id=\"5e506d7\" data-element_type=\"section\">\n\t\t\t\t\t\t<div class=\"elementor-container elementor-column-gap-default\">\n\t\t\t\t\t<div class=\"elementor-column elementor-col-100 elementor-top-column elementor-element elementor-element-1e8b2c6\" data-id=\"1e8b2c6\" data-element_type=\"column\">\n\t\t\t<div class=\"elementor-widget-wrap elementor-element-populated\">\n\t\t\t\t\t\t<div class=\"elementor-element elementor-element-e085e3b elementor-widget elementor-widget-heading\" data-id=\"e085e3b\" data-element_type=\"widget\" data-widget_type=\"heading.default\">\n\t\t\t\t<div class=\"elementor-widget-container\">\n\t\t\t\t\t<h2 class=\"elementor-heading-title elementor-size-default\">Gamsige Rutschpartie &amp; Gams Hupfer<\/h2>\t\t\t\t<\/div>\n\t\t\t\t<\/div>\n\t\t\t\t<div class=\"elementor-element elementor-element-0ad4557 elementor-widget elementor-widget-text-editor\" data-id=\"0ad4557\" data-element_type=\"widget\" data-widget_type=\"text-editor.default\">\n\t\t\t\t<div class=\"elementor-widget-container\">\n\t\t\t\t\t\t\t\t\t<p>Die Tubing Bahn &#8222;Gamsige Rutschpartie&#8220; und das Bungee Trampolin &#8222;Gams Hupfer&#8220; sind die Highlights in Bertl&#8217;s Kinderland. Beides sind <strong>kostenpflichtige<\/strong> Attraktionen die durch geschultes Personal betreut werden.\u00a0<\/p>\t\t\t\t\t\t\t\t<\/div>\n\t\t\t\t<\/div>\n\t\t\t\t<div class=\"elementor-element elementor-element-ce6b7e6 elementor-widget elementor-widget-text-editor\" data-id=\"ce6b7e6\" data-element_type=\"widget\" data-widget_type=\"text-editor.default\">\n\t\t\t\t<div class=\"elementor-widget-container\">\n\t\t\t\t\t\t\t\t\t<p><strong>F\u00fcr die &#8222;Gamsige Rutschpartie&#8220; und den &#8222;Gams Hufper&#8220; gelten folgende \u00d6ffnungszeiten:<\/strong><\/p><p><span style=\"color: var( --e-global-color-text )\">Samstag &amp; Sonntag von 11:00 &#8211; 18:00 Uhr*<\/span><\/p>\t\t\t\t\t\t\t\t<\/div>\n\t\t\t\t<\/div>\n\t\t\t\t<div class=\"elementor-element elementor-element-fb73d2b elementor-widget elementor-widget-text-editor\" data-id=\"fb73d2b\" data-element_type=\"widget\" data-widget_type=\"text-editor.default\">\n\t\t\t\t<div class=\"elementor-widget-container\">\n\t\t\t\t\t\t\t\t\t<p>*<b>Betriebs- &amp; Wetterinfo:<\/b> Bei Schlechtwetter (Regen, Sturm, Gewitter) sind Betriebseinschr\u00e4nkungen m\u00f6glich.\u00a0Es gelten die <a href=\"https:\/\/www.brunnalm-hoheveitsch.at\/sommer\/allgemeine-geschaeftsbedingungen\/\" target=\"_blank\" rel=\"noopener\">AGB&#8217;s<\/a> und Ben\u00fctzungsbedingungen von <a href=\"https:\/\/www.brunnalm-hoheveitsch.at\/sommer\/bb-tubing-bahn\/\" target=\"_blank\" rel=\"noopener\">Tubing Bahn<\/a> und <a href=\"https:\/\/www.brunnalm-hoheveitsch.at\/sommer\/bb-bungee-trampolin\/\" target=\"_blank\" rel=\"noopener\">Bungee Trampolin<\/a>. Eltern haften f\u00fcr Ihre Kinder!<\/p>\t\t\t\t\t\t\t\t<\/div>\n\t\t\t\t<\/div>\n\t\t\t\t<div class=\"elementor-element elementor-element-1b6e1d1 elementor-widget elementor-widget-text-editor\" data-id=\"1b6e1d1\" data-element_type=\"widget\" data-widget_type=\"text-editor.default\">\n\t\t\t\t<div class=\"elementor-widget-container\">\n\t\t\t\t\t\t\t\t\t<table id=\"MainTable\"><thead><tr><th scope=\"col\">Ticketart<\/th><th scope=\"col\">Preis pro Person<\/th><\/tr><\/thead><tbody><tr><td data-label=\"Ticketart\"><strong>Tagesticket<\/strong> Bungee Trampolin &amp; Tubing Bahn<\/td><td data-label=\"Preis pro Person\">\u20ac 17,00<\/td><\/tr><tr><td data-label=\"Ticketart\"><strong>ab 14 Uhr Ticket<\/strong> Bungee Trampolin &amp; Tubing Bahn<\/td><td data-label=\"Preis pro Person\">\u20ac 14,00<\/td><\/tr><tr><td data-label=\"Ticketart\"><strong>Tagesticket Gruppen &amp; Schulen<\/strong> ab 12 Personen (Bungee Trampolin, Tubing Bahn inkl. Holzkugel)<\/td><td data-label=\"Preis pro Person\">\u20ac 14,00<\/td><\/tr><tr><td data-label=\"Ticketart\"><strong>Holzkugel<\/strong> f\u00fcr Mugl&#8217;s Kugelbahn (einmaliger Kauf, unlimitierte Ben\u00fctzung)<\/td><td data-label=\"Preis pro Person\">\u20ac 3,00<\/td><\/tr><tr><td data-label=\"Ticketart\"><strong>Gratis Tagesticket<\/strong> an deinem Geburtstag (egal wie alt\/jung du bist)<\/td><td data-label=\"Preis pro Person\">\u20ac 0,00<\/td><\/tr><\/tbody><\/table>\t\t\t\t\t\t\t\t<\/div>\n\t\t\t\t<\/div>\n\t\t\t\t\t<\/div>\n\t\t<\/div>\n\t\t\t\t\t<\/div>\n\t\t<\/section>\n\t\t\t\t<section class=\"elementor-section elementor-top-section elementor-element elementor-element-db4b42d elementor-section-boxed elementor-section-height-default elementor-section-height-default\" data-id=\"db4b42d\" data-element_type=\"section\">\n\t\t\t\t\t\t<div class=\"elementor-container elementor-column-gap-default\">\n\t\t\t\t\t<div class=\"elementor-column elementor-col-50 elementor-top-column elementor-element elementor-element-37bde26\" data-id=\"37bde26\" data-element_type=\"column\">\n\t\t\t<div class=\"elementor-widget-wrap elementor-element-populated\">\n\t\t\t\t\t\t<div class=\"elementor-element elementor-element-e702543 elementor-widget elementor-widget-heading\" data-id=\"e702543\" data-element_type=\"widget\" data-widget_type=\"heading.default\">\n\t\t\t\t<div class=\"elementor-widget-container\">\n\t\t\t\t\t<h2 class=\"elementor-heading-title elementor-size-default\">Gamsige Rutschpartie<\/h2>\t\t\t\t<\/div>\n\t\t\t\t<\/div>\n\t\t\t\t<div class=\"elementor-element elementor-element-797287d elementor-widget elementor-widget-text-editor\" data-id=\"797287d\" data-element_type=\"widget\" data-widget_type=\"text-editor.default\">\n\t\t\t\t<div class=\"elementor-widget-container\">\n\t\t\t\t\t\t\t\t\t<p>Luftgepolsterte Reifen sorgen f\u00fcr sommerliche Rutschvergn\u00fcgen und lassen garantiert jedes Kinderherz h\u00f6herschlagen, wobei zwischendurch auch Erwachsene bei einer heimlichen Fahrt ertappt werden.<\/p>\t\t\t\t\t\t\t\t<\/div>\n\t\t\t\t<\/div>\n\t\t\t\t<div class=\"elementor-element elementor-element-3a25d1d elementor-widget elementor-widget-image-carousel\" data-id=\"3a25d1d\" data-element_type=\"widget\" data-settings=\"{&quot;slides_to_show&quot;:&quot;1&quot;,&quot;navigation&quot;:&quot;none&quot;,&quot;effect&quot;:&quot;fade&quot;,&quot;speed&quot;:&quot;1000&quot;,&quot;autoplay&quot;:&quot;yes&quot;,&quot;autoplay_speed&quot;:5000,&quot;infinite&quot;:&quot;yes&quot;}\" data-widget_type=\"image-carousel.default\">\n\t\t\t\t<div class=\"elementor-widget-container\">\n\t\t\t\t\t\t\t<div class=\"elementor-image-carousel-wrapper swiper\" role=\"region\" aria-roledescription=\"carousel\" aria-label=\"Bild Karussell\" dir=\"ltr\">\n\t\t\t<div class=\"elementor-image-carousel swiper-wrapper\" aria-live=\"off\">\n\t\t\t\t\t\t\t\t<div class=\"swiper-slide\" role=\"group\" aria-roledescription=\"slide\" aria-label=\"1 von 3\"><figure class=\"swiper-slide-inner\"><img decoding=\"async\" class=\"swiper-slide-image\" src=\"https:\/\/www.brunnalm-hoheveitsch.at\/sommer\/wp-content\/uploads\/sites\/2\/2024\/05\/Rutsche1.jpg\" alt=\"Rutsche1\" \/><\/figure><\/div><div class=\"swiper-slide\" role=\"group\" aria-roledescription=\"slide\" aria-label=\"2 von 3\"><figure class=\"swiper-slide-inner\"><img decoding=\"async\" class=\"swiper-slide-image\" src=\"https:\/\/www.brunnalm-hoheveitsch.at\/sommer\/wp-content\/uploads\/sites\/2\/2024\/05\/Rutsche2.jpg\" alt=\"Rutsche2\" \/><\/figure><\/div><div class=\"swiper-slide\" role=\"group\" aria-roledescription=\"slide\" aria-label=\"3 von 3\"><figure class=\"swiper-slide-inner\"><img decoding=\"async\" class=\"swiper-slide-image\" src=\"https:\/\/www.brunnalm-hoheveitsch.at\/sommer\/wp-content\/uploads\/sites\/2\/2024\/05\/Rutsche3.jpg\" alt=\"Rutsche3\" \/><\/figure><\/div>\t\t\t<\/div>\n\t\t\t\t\t\t\t\n\t\t\t\t\t\t\t\t\t<\/div>\n\t\t\t\t\t\t<\/div>\n\t\t\t\t<\/div>\n\t\t\t\t<div class=\"elementor-element elementor-element-d5c6bc2 elementor-widget elementor-widget-text-editor\" data-id=\"d5c6bc2\" data-element_type=\"widget\" data-widget_type=\"text-editor.default\">\n\t\t\t\t<div class=\"elementor-widget-container\">\n\t\t\t\t\t\t\t\t\t<p><strong>Mindestalter:<\/strong> 3 Jahre mit erwachsener Begleitperson. Alleinfahrt f\u00fcr Kinder ab 4 Jahren m\u00f6glich.<br \/><strong>Mindestk\u00f6rpergr\u00f6\u00dfe:<\/strong> 1,00m &#8211; max. 2,00m<br \/>Bergbef\u00f6rderung erfolgt mit dem Zauberteppich.<br \/>Es gelten die Ben\u00fctzungsbedingungen der <a href=\"https:\/\/www.brunnalm-hoheveitsch.at\/sommer\/bb-tubing-bahn\/\" target=\"_blank\" rel=\"noopener\">Tubing Bahn<\/a>.<\/p>\t\t\t\t\t\t\t\t<\/div>\n\t\t\t\t<\/div>\n\t\t\t\t\t<\/div>\n\t\t<\/div>\n\t\t\t\t<div class=\"elementor-column elementor-col-50 elementor-top-column elementor-element elementor-element-d7d5646\" data-id=\"d7d5646\" data-element_type=\"column\">\n\t\t\t<div class=\"elementor-widget-wrap elementor-element-populated\">\n\t\t\t\t\t\t<div class=\"elementor-element elementor-element-c4756b3 elementor-widget elementor-widget-heading\" data-id=\"c4756b3\" data-element_type=\"widget\" data-widget_type=\"heading.default\">\n\t\t\t\t<div class=\"elementor-widget-container\">\n\t\t\t\t\t<h2 class=\"elementor-heading-title elementor-size-default\">Gams Hupfer<\/h2>\t\t\t\t<\/div>\n\t\t\t\t<\/div>\n\t\t\t\t<div class=\"elementor-element elementor-element-ad40788 elementor-widget elementor-widget-text-editor\" data-id=\"ad40788\" data-element_type=\"widget\" data-widget_type=\"text-editor.default\">\n\t\t\t\t<div class=\"elementor-widget-container\">\n\t\t\t\t\t\t\t\t\t<p>Springe bis zu 9m hoch mit unserem Bungee-Trampolin. Ein echter Adrenalinkick ist Gewiss. Auf den 4 Sprungpl\u00e4tzen kann gleichzeitig gesprungen werden.&nbsp;<\/p>\t\t\t\t\t\t\t\t<\/div>\n\t\t\t\t<\/div>\n\t\t\t\t<div class=\"elementor-element elementor-element-c1c9a56 elementor-widget elementor-widget-image-carousel\" data-id=\"c1c9a56\" data-element_type=\"widget\" data-settings=\"{&quot;slides_to_show&quot;:&quot;1&quot;,&quot;navigation&quot;:&quot;none&quot;,&quot;effect&quot;:&quot;fade&quot;,&quot;speed&quot;:&quot;1000&quot;,&quot;autoplay&quot;:&quot;yes&quot;,&quot;autoplay_speed&quot;:5000,&quot;infinite&quot;:&quot;yes&quot;}\" data-widget_type=\"image-carousel.default\">\n\t\t\t\t<div class=\"elementor-widget-container\">\n\t\t\t\t\t\t\t<div class=\"elementor-image-carousel-wrapper swiper\" role=\"region\" aria-roledescription=\"carousel\" aria-label=\"Bild Karussell\" dir=\"ltr\">\n\t\t\t<div class=\"elementor-image-carousel swiper-wrapper\" aria-live=\"off\">\n\t\t\t\t\t\t\t\t<div class=\"swiper-slide\" role=\"group\" aria-roledescription=\"slide\" aria-label=\"1 von 2\"><figure class=\"swiper-slide-inner\"><img decoding=\"async\" class=\"swiper-slide-image\" src=\"https:\/\/www.brunnalm-hoheveitsch.at\/sommer\/wp-content\/uploads\/sites\/2\/2024\/05\/Huepfer-1.jpg\" alt=\"Huepfer-1\" \/><\/figure><\/div><div class=\"swiper-slide\" role=\"group\" aria-roledescription=\"slide\" aria-label=\"2 von 2\"><figure class=\"swiper-slide-inner\"><img decoding=\"async\" class=\"swiper-slide-image\" src=\"https:\/\/www.brunnalm-hoheveitsch.at\/sommer\/wp-content\/uploads\/sites\/2\/2024\/05\/Huepfer-2.jpg\" alt=\"Huepfer-2\" \/><\/figure><\/div>\t\t\t<\/div>\n\t\t\t\t\t\t\t\n\t\t\t\t\t\t\t\t\t<\/div>\n\t\t\t\t\t\t<\/div>\n\t\t\t\t<\/div>\n\t\t\t\t<div class=\"elementor-element elementor-element-3f9378b elementor-widget elementor-widget-text-editor\" data-id=\"3f9378b\" data-element_type=\"widget\" data-widget_type=\"text-editor.default\">\n\t\t\t\t<div class=\"elementor-widget-container\">\n\t\t\t\t\t\t\t\t\t<p><strong>Mindestk\u00f6rpergr\u00f6\u00dfe:<\/strong> 1,00m<br \/>F\u00fcr alle zwischen 20kg und 80kg. Es gelten die Ben\u00fctzungsbedingungen vom <a href=\"https:\/\/www.brunnalm-hoheveitsch.at\/sommer\/bb-bungee-trampolin\/\" target=\"_blank\" rel=\"noopener\">Bungee Trampolin<\/a>.<\/p>\t\t\t\t\t\t\t\t<\/div>\n\t\t\t\t<\/div>\n\t\t\t\t\t<\/div>\n\t\t<\/div>\n\t\t\t\t\t<\/div>\n\t\t<\/section>\n\t\t\t\t<section class=\"elementor-section elementor-top-section elementor-element elementor-element-f96369b elementor-section-boxed elementor-section-height-default elementor-section-height-default\" data-id=\"f96369b\" data-element_type=\"section\">\n\t\t\t\t\t\t<div class=\"elementor-container elementor-column-gap-default\">\n\t\t\t\t\t<div class=\"elementor-column elementor-col-50 elementor-top-column elementor-element elementor-element-0fab08f\" data-id=\"0fab08f\" data-element_type=\"column\">\n\t\t\t<div class=\"elementor-widget-wrap elementor-element-populated\">\n\t\t\t\t\t\t<div class=\"elementor-element elementor-element-173a29c elementor-widget elementor-widget-heading\" data-id=\"173a29c\" data-element_type=\"widget\" data-widget_type=\"heading.default\">\n\t\t\t\t<div class=\"elementor-widget-container\">\n\t\t\t\t\t<h2 class=\"elementor-heading-title elementor-size-default\">Mugl's Kugelbahn<\/h2>\t\t\t\t<\/div>\n\t\t\t\t<\/div>\n\t\t\t\t<div class=\"elementor-element elementor-element-8338513 elementor-widget elementor-widget-text-editor\" data-id=\"8338513\" data-element_type=\"widget\" data-widget_type=\"text-editor.default\">\n\t\t\t\t<div class=\"elementor-widget-container\">\n\t\t\t\t\t\t\t\t\t<p>Kauf dir eine Kugel und spiele auf unserer Kugelbahn, so lange es dir Spa\u00df macht. Die Kugel kann als &#8222;Mitbringsel&#8220; behalten werden. (Einmaliger Kauf, unlimitierte Ben\u00fctzung)<\/p>\t\t\t\t\t\t\t\t<\/div>\n\t\t\t\t<\/div>\n\t\t\t\t<div class=\"elementor-element elementor-element-9bcbe71 elementor-widget elementor-widget-image-carousel\" data-id=\"9bcbe71\" data-element_type=\"widget\" data-settings=\"{&quot;slides_to_show&quot;:&quot;4&quot;,&quot;navigation&quot;:&quot;none&quot;,&quot;speed&quot;:&quot;1000&quot;,&quot;autoplay&quot;:&quot;yes&quot;,&quot;autoplay_speed&quot;:5000,&quot;infinite&quot;:&quot;yes&quot;}\" data-widget_type=\"image-carousel.default\">\n\t\t\t\t<div class=\"elementor-widget-container\">\n\t\t\t\t\t\t\t<div class=\"elementor-image-carousel-wrapper swiper\" role=\"region\" aria-roledescription=\"carousel\" aria-label=\"Bild Karussell\" dir=\"ltr\">\n\t\t\t<div class=\"elementor-image-carousel swiper-wrapper\" aria-live=\"off\">\n\t\t\t\t\t\t\t\t<div class=\"swiper-slide\" role=\"group\" aria-roledescription=\"slide\" aria-label=\"1 von 8\"><figure class=\"swiper-slide-inner\"><img decoding=\"async\" class=\"swiper-slide-image\" src=\"https:\/\/www.brunnalm-hoheveitsch.at\/sommer\/wp-content\/uploads\/sites\/2\/2023\/06\/Kugel-Rot2.jpg\" alt=\"Kugel-Rot2\" \/><\/figure><\/div><div class=\"swiper-slide\" role=\"group\" aria-roledescription=\"slide\" aria-label=\"2 von 8\"><figure class=\"swiper-slide-inner\"><img decoding=\"async\" class=\"swiper-slide-image\" src=\"https:\/\/www.brunnalm-hoheveitsch.at\/sommer\/wp-content\/uploads\/sites\/2\/2023\/06\/Kugel-Rot.jpg\" alt=\"Kugel-Rot\" \/><\/figure><\/div><div class=\"swiper-slide\" role=\"group\" aria-roledescription=\"slide\" aria-label=\"3 von 8\"><figure class=\"swiper-slide-inner\"><img decoding=\"async\" class=\"swiper-slide-image\" src=\"https:\/\/www.brunnalm-hoheveitsch.at\/sommer\/wp-content\/uploads\/sites\/2\/2023\/06\/Kugel-Gruen2.jpg\" alt=\"Kugel-Gruen2\" \/><\/figure><\/div><div class=\"swiper-slide\" role=\"group\" aria-roledescription=\"slide\" aria-label=\"4 von 8\"><figure class=\"swiper-slide-inner\"><img decoding=\"async\" class=\"swiper-slide-image\" src=\"https:\/\/www.brunnalm-hoheveitsch.at\/sommer\/wp-content\/uploads\/sites\/2\/2023\/06\/Kugel-Gruen.jpg\" alt=\"Kugel-Gruen\" \/><\/figure><\/div><div class=\"swiper-slide\" role=\"group\" aria-roledescription=\"slide\" aria-label=\"5 von 8\"><figure class=\"swiper-slide-inner\"><img decoding=\"async\" class=\"swiper-slide-image\" src=\"https:\/\/www.brunnalm-hoheveitsch.at\/sommer\/wp-content\/uploads\/sites\/2\/2023\/06\/Kugel-Gelb.jpg\" alt=\"Kugel-Gelb\" \/><\/figure><\/div><div class=\"swiper-slide\" role=\"group\" aria-roledescription=\"slide\" aria-label=\"6 von 8\"><figure class=\"swiper-slide-inner\"><img decoding=\"async\" class=\"swiper-slide-image\" src=\"https:\/\/www.brunnalm-hoheveitsch.at\/sommer\/wp-content\/uploads\/sites\/2\/2023\/06\/Kugel-Gelb2.jpg\" alt=\"Kugel-Gelb2\" \/><\/figure><\/div><div class=\"swiper-slide\" role=\"group\" aria-roledescription=\"slide\" aria-label=\"7 von 8\"><figure class=\"swiper-slide-inner\"><img decoding=\"async\" class=\"swiper-slide-image\" src=\"https:\/\/www.brunnalm-hoheveitsch.at\/sommer\/wp-content\/uploads\/sites\/2\/2023\/06\/Kugel-Blau2.jpg\" alt=\"Kugel-Blau2\" \/><\/figure><\/div><div class=\"swiper-slide\" role=\"group\" aria-roledescription=\"slide\" aria-label=\"8 von 8\"><figure class=\"swiper-slide-inner\"><img decoding=\"async\" class=\"swiper-slide-image\" src=\"https:\/\/www.brunnalm-hoheveitsch.at\/sommer\/wp-content\/uploads\/sites\/2\/2023\/06\/Kugel-Blau.jpg\" alt=\"Kugel-Blau\" \/><\/figure><\/div>\t\t\t<\/div>\n\t\t\t\t\t\t\t\n\t\t\t\t\t\t\t\t\t<\/div>\n\t\t\t\t\t\t<\/div>\n\t\t\t\t<\/div>\n\t\t\t\t\t<\/div>\n\t\t<\/div>\n\t\t\t\t<div class=\"elementor-column elementor-col-50 elementor-top-column elementor-element elementor-element-d49284f\" data-id=\"d49284f\" data-element_type=\"column\">\n\t\t\t<div class=\"elementor-widget-wrap elementor-element-populated\">\n\t\t\t\t\t\t<div class=\"elementor-element elementor-element-a0aa973 elementor-widget elementor-widget-image-carousel\" data-id=\"a0aa973\" data-element_type=\"widget\" data-settings=\"{&quot;slides_to_show&quot;:&quot;1&quot;,&quot;navigation&quot;:&quot;none&quot;,&quot;effect&quot;:&quot;fade&quot;,&quot;speed&quot;:&quot;1000&quot;,&quot;autoplay&quot;:&quot;yes&quot;,&quot;autoplay_speed&quot;:5000,&quot;infinite&quot;:&quot;yes&quot;}\" data-widget_type=\"image-carousel.default\">\n\t\t\t\t<div class=\"elementor-widget-container\">\n\t\t\t\t\t\t\t<div class=\"elementor-image-carousel-wrapper swiper\" role=\"region\" aria-roledescription=\"carousel\" aria-label=\"Bild Karussell\" dir=\"ltr\">\n\t\t\t<div class=\"elementor-image-carousel swiper-wrapper\" aria-live=\"off\">\n\t\t\t\t\t\t\t\t<div class=\"swiper-slide\" role=\"group\" aria-roledescription=\"slide\" aria-label=\"1 von 1\"><figure class=\"swiper-slide-inner\"><img decoding=\"async\" class=\"swiper-slide-image\" src=\"https:\/\/www.brunnalm-hoheveitsch.at\/sommer\/wp-content\/uploads\/sites\/2\/2024\/05\/Kugelbahn.jpg\" alt=\"Kugelbahn\" \/><\/figure><\/div>\t\t\t<\/div>\n\t\t\t\t\t<\/div>\n\t\t\t\t\t\t<\/div>\n\t\t\t\t<\/div>\n\t\t\t\t\t<\/div>\n\t\t<\/div>\n\t\t\t\t\t<\/div>\n\t\t<\/section>\n\t\t\t\t<\/div>\n\t\t","protected":false},"excerpt":{"rendered":"<p>Bertl&#8217;s Kinderland Die Sommersaison in Bertl&#8217;s Kinderland endet am 28. September 2025. Ganz was gro\u00dfes f\u00fcr die kleinen F\u00fcr unsere j\u00fcngsten G\u00e4ste sind Spa\u00df und Action auf der Brunnalm garantiert. Diese finden in Bertl&#8217;s Kinderland direkt beim Brunnalmzentrum einen Spieleteich mit Wasserbalancierstrecke &amp; Spielh\u00fcttendorf eine Doppelschaukel &amp; Partnerschaukel ein Baumkarussell eine Sandbaustelle mit Kinderbagger und<br \/><a class=\"moretag\" href=\"https:\/\/www.brunnalm-hoheveitsch.at\/sommer\/bertls-kinderland\/\">+ Read More<\/a><\/p>\n","protected":false},"author":1,"featured_media":3223,"parent":0,"menu_order":0,"comment_status":"closed","ping_status":"closed","template":"templates\/page-fullwidth_template.php","meta":{"_acf_changed":false,"footnotes":"","_links_to":"","_links_to_target":""},"class_list":["post-1207","page","type-page","status-publish","has-post-thumbnail","hentry"],"acf":[],"publishpress_future_action":{"enabled":false,"date":"2026-04-14 11:46:07","action":"change-status","newStatus":"draft","terms":[],"taxonomy":""},"publishpress_future_workflow_manual_trigger":{"enabledWorkflows":[]},"_links":{"self":[{"href":"https:\/\/www.brunnalm-hoheveitsch.at\/sommer\/wp-json\/wp\/v2\/pages\/1207","targetHints":{"allow":["GET"]}}],"collection":[{"href":"https:\/\/www.brunnalm-hoheveitsch.at\/sommer\/wp-json\/wp\/v2\/pages"}],"about":[{"href":"https:\/\/www.brunnalm-hoheveitsch.at\/sommer\/wp-json\/wp\/v2\/types\/page"}],"author":[{"embeddable":true,"href":"https:\/\/www.brunnalm-hoheveitsch.at\/sommer\/wp-json\/wp\/v2\/users\/1"}],"replies":[{"embeddable":true,"href":"https:\/\/www.brunnalm-hoheveitsch.at\/sommer\/wp-json\/wp\/v2\/comments?post=1207"}],"version-history":[{"count":12,"href":"https:\/\/www.brunnalm-hoheveitsch.at\/sommer\/wp-json\/wp\/v2\/pages\/1207\/revisions"}],"predecessor-version":[{"id":3529,"href":"https:\/\/www.brunnalm-hoheveitsch.at\/sommer\/wp-json\/wp\/v2\/pages\/1207\/revisions\/3529"}],"wp:featuredmedia":[{"embeddable":true,"href":"https:\/\/www.brunnalm-hoheveitsch.at\/sommer\/wp-json\/wp\/v2\/media\/3223"}],"wp:attachment":[{"href":"https:\/\/www.brunnalm-hoheveitsch.at\/sommer\/wp-json\/wp\/v2\/media?parent=1207"}],"curies":[{"name":"wp","href":"https:\/\/api.w.org\/{rel}","templated":true}]}}